{"id":31012,"date":"2023-05-29T03:57:11","date_gmt":"2023-05-29T08:57:11","guid":{"rendered":"https:\/\/alquimiaseresencia.com\/tienda\/?post_type=product&#038;p=31012"},"modified":"2023-06-08T21:09:40","modified_gmt":"2023-06-09T02:09:40","slug":"31012","status":"publish","type":"product","link":"https:\/\/alquimiaseresencia.com\/tienda\/producto\/31012\/","title":{"rendered":"PIRITA C\u00daBICA EN MACLA DE LA RIOJA-ESPA\u00d1A"},"content":{"rendered":"<p>La pirita c\u00fabica en macla es una forma especial y fascinante de la pirita, un mineral conocido por su apariencia met\u00e1lica y su color dorado brillante.<\/p>\n<p><strong>La pirita es considerada talism\u00e1nica para atraer dinero, buenos negocios y arraigo de la prosperidad debido a su apariencia similar al oro y tambi\u00e9n porque su energ\u00eda es decodificadora, es decir actua como un traductor de los mensajes que el Universo tiene para ti.<\/strong><\/p>\n<p>La macla de pirita c\u00fabica agrega una dimensi\u00f3n adicional a la belleza y el atractivo de la pirita. La disposici\u00f3n geom\u00e9trica de los cristales en forma de cubo crea un patr\u00f3n visualmente impactante y atractivo. <\/p>\n<blockquote>\n<p>Estas formaciones macladas tambi\u00e9n tienen un efecto energ\u00e9tico amplificado debido a la combinaci\u00f3n de los cristales unidos.<\/p>\n<\/blockquote>\n<p>La pirita es un mineral fr\u00e1gil y puede descomponerse o desgastarse con el tiempo, por lo que es importante manejarla con cuidado y evitar la exposici\u00f3n a la humedad. Disfruta de la belleza y la energ\u00eda de la pirita c\u00fabica en macla y \u00fasala de acuerdo a tus intenciones.<\/p>\n<p><em>IMPORTANTE:<\/em> Por tratarse de una pieza natural puede tener peque\u00f1as variaciones con respecto a la fotograf\u00eda.<\/p>\n","protected":false},"excerpt":{"rendered":"<p>La pirita c\u00fabica en macla es una forma especial y fascinante de la pirita, un mineral conocido por su apariencia met\u00e1lica y su color dorado brillante. La pirita es considerada talism\u00e1nica para atraer dinero, buenos negocios y arraigo de la prosperidad debido a su apariencia similar al oro y tambi\u00e9n porque su energ\u00eda es decodificadora, [&hellip;]<\/p>\n","protected":false},"featured_media":30807,"comment_status":"open","ping_status":"closed","template":"","meta":{"_seopress_robots_primary_cat":"","_seopress_titles_title":"","_seopress_titles_desc":"","_seopress_robots_index":"","_et_pb_use_builder":"","_et_pb_old_content":"","_et_gb_content_width":"","_joinchat":[]},"product_cat":[102],"product_tag":[],"class_list":{"0":"post-31012","1":"product","2":"type-product","3":"status-publish","4":"has-post-thumbnail","6":"product_cat-cristales","8":"first","9":"instock","10":"shipping-taxable","11":"purchasable","12":"product-type-simple"},"_links":{"self":[{"href":"https:\/\/alquimiaseresencia.com\/tienda\/wp-json\/wp\/v2\/product\/31012"}],"collection":[{"href":"https:\/\/alquimiaseresencia.com\/tienda\/wp-json\/wp\/v2\/product"}],"about":[{"href":"https:\/\/alquimiaseresencia.com\/tienda\/wp-json\/wp\/v2\/types\/product"}],"replies":[{"embeddable":true,"href":"https:\/\/alquimiaseresencia.com\/tienda\/wp-json\/wp\/v2\/comments?post=31012"}],"wp:featuredmedia":[{"embeddable":true,"href":"https:\/\/alquimiaseresencia.com\/tienda\/wp-json\/wp\/v2\/media\/30807"}],"wp:attachment":[{"href":"https:\/\/alquimiaseresencia.com\/tienda\/wp-json\/wp\/v2\/media?parent=31012"}],"wp:term":[{"taxonomy":"product_cat","embeddable":true,"href":"https:\/\/alquimiaseresencia.com\/tienda\/wp-json\/wp\/v2\/product_cat?post=31012"},{"taxonomy":"product_tag","embeddable":true,"href":"https:\/\/alquimiaseresencia.com\/tienda\/wp-json\/wp\/v2\/product_tag?post=31012"}],"curies":[{"name":"wp","href":"https:\/\/api.w.org\/{rel}","templated":true}]}}