{"id":31018,"date":"2023-05-29T03:57:11","date_gmt":"2023-05-29T08:57:11","guid":{"rendered":"https:\/\/alquimiaseresencia.com\/tienda\/?post_type=product&#038;p=31018"},"modified":"2023-06-08T19:18:21","modified_gmt":"2023-06-09T00:18:21","slug":"31018","status":"publish","type":"product","link":"https:\/\/alquimiaseresencia.com\/tienda\/producto\/31018\/","title":{"rendered":"ESFERA DE CUARZO AHUMADO CALIDAD EXTRA 44GR DE BRASIL"},"content":{"rendered":"<p><strong>El cuarzo ahumado cuya energ\u00eda es protectora y de enraizamiento, es capaz de absorber y transmutar energ\u00edas densas. Trabaja como una ventana de luz que permite entrar la claridad y las energ\u00edas elevadas.<\/strong><\/p>\n<blockquote>\n<p>Te ayuda a enraizarte a ti y a tu alma energ\u00e9ticamente, trazando el camino en la tierra.<\/p>\n<\/blockquote>\n<p>La forma de esfera de este cuarzo ahumado permite que la energ\u00eda se distribuya de manera equilibrada en todas las direcciones. Puedes usarla en meditaci\u00f3n, sostenerla en tus manos durante momentos de estr\u00e9s o ponerla en tu espacio de trabajo o en tu hogar para crear un ambiente de armon\u00eda y protecci\u00f3n.<\/p>\n<p>Este cristal te ayuda a liberar bloqueos emocionales y promover la estabilidad emocional y mental. Al ser una forma redonda, se considera reconfortante y tranquilizadora.<\/p>\n<p>Cada esfera de cuarzo ahumado es \u00fanica en su forma, tama\u00f1o y tonalidades naturales, lo que la convierte en una pieza especial y significativa para aquellos que buscan equilibrio, protecci\u00f3n y una conexi\u00f3n m\u00e1s profunda con la tierra y sus propias energ\u00edas.<\/p>\n<p>Peso: 44 gramos.<\/p>\n<p><em>IMPORTANTE:<\/em> Por tratarse de una pieza natural puede tener peque\u00f1as variaciones con respecto a la fotograf\u00eda.<\/p>\n","protected":false},"excerpt":{"rendered":"<p>El cuarzo ahumado cuya energ\u00eda es protectora y de enraizamiento, es capaz de absorber y transmutar energ\u00edas densas. Trabaja como una ventana de luz que permite entrar la claridad y las energ\u00edas elevadas. Te ayuda a enraizarte a ti y a tu alma energ\u00e9ticamente, trazando el camino en la tierra. La forma de esfera de [&hellip;]<\/p>\n","protected":false},"featured_media":30786,"comment_status":"open","ping_status":"closed","template":"","meta":{"_seopress_robots_primary_cat":"","_seopress_titles_title":"","_seopress_titles_desc":"","_seopress_robots_index":"","_et_pb_use_builder":"","_et_pb_old_content":"","_et_gb_content_width":"","_joinchat":[]},"product_cat":[102],"product_tag":[],"class_list":{"0":"post-31018","1":"product","2":"type-product","3":"status-publish","4":"has-post-thumbnail","6":"product_cat-cristales","8":"first","9":"instock","10":"shipping-taxable","11":"purchasable","12":"product-type-simple"},"_links":{"self":[{"href":"https:\/\/alquimiaseresencia.com\/tienda\/wp-json\/wp\/v2\/product\/31018"}],"collection":[{"href":"https:\/\/alquimiaseresencia.com\/tienda\/wp-json\/wp\/v2\/product"}],"about":[{"href":"https:\/\/alquimiaseresencia.com\/tienda\/wp-json\/wp\/v2\/types\/product"}],"replies":[{"embeddable":true,"href":"https:\/\/alquimiaseresencia.com\/tienda\/wp-json\/wp\/v2\/comments?post=31018"}],"wp:featuredmedia":[{"embeddable":true,"href":"https:\/\/alquimiaseresencia.com\/tienda\/wp-json\/wp\/v2\/media\/30786"}],"wp:attachment":[{"href":"https:\/\/alquimiaseresencia.com\/tienda\/wp-json\/wp\/v2\/media?parent=31018"}],"wp:term":[{"taxonomy":"product_cat","embeddable":true,"href":"https:\/\/alquimiaseresencia.com\/tienda\/wp-json\/wp\/v2\/product_cat?post=31018"},{"taxonomy":"product_tag","embeddable":true,"href":"https:\/\/alquimiaseresencia.com\/tienda\/wp-json\/wp\/v2\/product_tag?post=31018"}],"curies":[{"name":"wp","href":"https:\/\/api.w.org\/{rel}","templated":true}]}}