{"id":31033,"date":"2023-05-29T03:57:12","date_gmt":"2023-05-29T08:57:12","guid":{"rendered":"https:\/\/alquimiaseresencia.com\/tienda\/?post_type=product&#038;p=31033"},"modified":"2023-06-07T11:20:11","modified_gmt":"2023-06-07T16:20:11","slug":"31033","status":"publish","type":"product","link":"https:\/\/alquimiaseresencia.com\/tienda\/producto\/31033\/","title":{"rendered":"CORAZ\u00d3N CUARZO AHUMADO"},"content":{"rendered":"<p>Un coraz\u00f3n de cuarzo ahumado es un mineral de una variedad de cuarzo conocida por su color marr\u00f3n ahumado o gris oscuro.<\/p>\n<blockquote>\n<p>El cuarzo ahumado cuya energ\u00eda es protectora y de enraizamiento, es capaz de absorber y transmutar energ\u00edas densas. Trabaja como una ventana de luz que permite entrar la claridad y las energ\u00edas elevadas.<\/p>\n<\/blockquote>\n<p><strong>Te ayuda a enraizarte a ti y a tu alma energ\u00e9ticamente, trazando el camino en la tierra.<\/strong><\/p>\n<p>Al utilizar un coraz\u00f3n de cuarzo ahumado, te conectas con las energ\u00edas de protecci\u00f3n y enraizamiento de este cristal. Puedes llevarlo contigo como un recordatorio constante de estas energ\u00edas o utilizarlo en pr\u00e1cticas de sanaci\u00f3n y meditaci\u00f3n para ayudar a equilibrar y armonizar tu campo energ\u00e9tico.<\/p>\n<p>Recuerda que las propiedades y efectos de los cristales pueden variar seg\u00fan la persona, por lo que es importante escuchar tu intuici\u00f3n y utilizar el coraz\u00f3n de cuarzo ahumado de la manera que mejor te resuene.<\/p>\n<p><em>IMPORTANTE:<\/em> Por tratarse de una pieza natural puede tener peque\u00f1as variaciones con respecto a la fotograf\u00eda.<\/p>\n","protected":false},"excerpt":{"rendered":"<p>Un coraz\u00f3n de cuarzo ahumado es un mineral de una variedad de cuarzo conocida por su color marr\u00f3n ahumado o gris oscuro. El cuarzo ahumado cuya energ\u00eda es protectora y de enraizamiento, es capaz de absorber y transmutar energ\u00edas densas. Trabaja como una ventana de luz que permite entrar la claridad y las energ\u00edas elevadas. [&hellip;]<\/p>\n","protected":false},"featured_media":30673,"comment_status":"open","ping_status":"closed","template":"","meta":{"_seopress_robots_primary_cat":"","_seopress_titles_title":"","_seopress_titles_desc":"","_seopress_robots_index":"","_et_pb_use_builder":"","_et_pb_old_content":"","_et_gb_content_width":"","_joinchat":[]},"product_cat":[102],"product_tag":[],"class_list":{"0":"post-31033","1":"product","2":"type-product","3":"status-publish","4":"has-post-thumbnail","6":"product_cat-cristales","8":"first","9":"instock","10":"shipping-taxable","11":"purchasable","12":"product-type-simple"},"_links":{"self":[{"href":"https:\/\/alquimiaseresencia.com\/tienda\/wp-json\/wp\/v2\/product\/31033"}],"collection":[{"href":"https:\/\/alquimiaseresencia.com\/tienda\/wp-json\/wp\/v2\/product"}],"about":[{"href":"https:\/\/alquimiaseresencia.com\/tienda\/wp-json\/wp\/v2\/types\/product"}],"replies":[{"embeddable":true,"href":"https:\/\/alquimiaseresencia.com\/tienda\/wp-json\/wp\/v2\/comments?post=31033"}],"wp:featuredmedia":[{"embeddable":true,"href":"https:\/\/alquimiaseresencia.com\/tienda\/wp-json\/wp\/v2\/media\/30673"}],"wp:attachment":[{"href":"https:\/\/alquimiaseresencia.com\/tienda\/wp-json\/wp\/v2\/media?parent=31033"}],"wp:term":[{"taxonomy":"product_cat","embeddable":true,"href":"https:\/\/alquimiaseresencia.com\/tienda\/wp-json\/wp\/v2\/product_cat?post=31033"},{"taxonomy":"product_tag","embeddable":true,"href":"https:\/\/alquimiaseresencia.com\/tienda\/wp-json\/wp\/v2\/product_tag?post=31033"}],"curies":[{"name":"wp","href":"https:\/\/api.w.org\/{rel}","templated":true}]}}