{"id":31047,"date":"2023-05-29T03:57:13","date_gmt":"2023-05-29T08:57:13","guid":{"rendered":"https:\/\/alquimiaseresencia.com\/tienda\/?post_type=product&#038;p=31047"},"modified":"2023-06-06T19:49:50","modified_gmt":"2023-06-07T00:49:50","slug":"31047","status":"publish","type":"product","link":"https:\/\/alquimiaseresencia.com\/tienda\/producto\/31047\/","title":{"rendered":"CORAZ\u00d3N GEODA DE \u00c1GATA GRANDE"},"content":{"rendered":"<blockquote>\n<p>El coraz\u00f3n de geoda de \u00e1gata es una pieza tallada, de colecci\u00f3n.<\/p>\n<\/blockquote>\n<p>La \u00e1gata es una variedad de cuarzo que se caracteriza por sus bandas y patrones distintivos en diferentes colores y tonalidades. Las geodas de \u00e1gata son cavidades rocosas que contienen cristales en su interior, formando una estructura \u00fanica y hermosa.<\/p>\n<p>El coraz\u00f3n de geoda de \u00e1gata es apreciado por su belleza natural y sus propiedades energ\u00e9ticas. <strong>El \u00e1gata es un cristal con energ\u00eda estabilizadora y protectora, que ayuda a equilibrar y promover la armon\u00eda en el entorno en el que se encuentra.<\/strong><\/p>\n<p><strong>Tambi\u00e9n te apoya en la conexi\u00f3n con la tierra y la naturaleza, ayudando a aliviar el estr\u00e9s y fomentando la paz interior.<\/strong><\/p>\n<p>Cada pieza de geoda de \u00e1gata es \u00fanica en su apariencia y patrones de colores, lo que la hace especial y significativa.<\/p>\n<p><em>IMPORTANTE:<\/em> Por tratarse de una pieza natural puede tener peque\u00f1as variaciones con respecto a la fotograf\u00eda.<\/p>\n","protected":false},"excerpt":{"rendered":"<p>El coraz\u00f3n de geoda de \u00e1gata es una pieza tallada, de colecci\u00f3n. La \u00e1gata es una variedad de cuarzo que se caracteriza por sus bandas y patrones distintivos en diferentes colores y tonalidades. Las geodas de \u00e1gata son cavidades rocosas que contienen cristales en su interior, formando una estructura \u00fanica y hermosa. El coraz\u00f3n de [&hellip;]<\/p>\n","protected":false},"featured_media":30623,"comment_status":"open","ping_status":"closed","template":"","meta":{"_seopress_robots_primary_cat":"","_seopress_titles_title":"","_seopress_titles_desc":"","_seopress_robots_index":"","_et_pb_use_builder":"","_et_pb_old_content":"","_et_gb_content_width":"","_joinchat":[]},"product_cat":[102],"product_tag":[],"class_list":{"0":"post-31047","1":"product","2":"type-product","3":"status-publish","4":"has-post-thumbnail","6":"product_cat-cristales","8":"first","9":"instock","10":"shipping-taxable","11":"purchasable","12":"product-type-simple"},"_links":{"self":[{"href":"https:\/\/alquimiaseresencia.com\/tienda\/wp-json\/wp\/v2\/product\/31047"}],"collection":[{"href":"https:\/\/alquimiaseresencia.com\/tienda\/wp-json\/wp\/v2\/product"}],"about":[{"href":"https:\/\/alquimiaseresencia.com\/tienda\/wp-json\/wp\/v2\/types\/product"}],"replies":[{"embeddable":true,"href":"https:\/\/alquimiaseresencia.com\/tienda\/wp-json\/wp\/v2\/comments?post=31047"}],"wp:featuredmedia":[{"embeddable":true,"href":"https:\/\/alquimiaseresencia.com\/tienda\/wp-json\/wp\/v2\/media\/30623"}],"wp:attachment":[{"href":"https:\/\/alquimiaseresencia.com\/tienda\/wp-json\/wp\/v2\/media?parent=31047"}],"wp:term":[{"taxonomy":"product_cat","embeddable":true,"href":"https:\/\/alquimiaseresencia.com\/tienda\/wp-json\/wp\/v2\/product_cat?post=31047"},{"taxonomy":"product_tag","embeddable":true,"href":"https:\/\/alquimiaseresencia.com\/tienda\/wp-json\/wp\/v2\/product_tag?post=31047"}],"curies":[{"name":"wp","href":"https:\/\/api.w.org\/{rel}","templated":true}]}}