{"id":31050,"date":"2023-05-29T03:57:13","date_gmt":"2023-05-29T08:57:13","guid":{"rendered":"https:\/\/alquimiaseresencia.com\/tienda\/?post_type=product&#038;p=31050"},"modified":"2023-06-06T20:43:32","modified_gmt":"2023-06-07T01:43:32","slug":"31050","status":"publish","type":"product","link":"https:\/\/alquimiaseresencia.com\/tienda\/producto\/31050\/","title":{"rendered":"CORAZ\u00d3N MERLINITA P\u00daRPURA- NEGRO 507GR"},"content":{"rendered":"<blockquote>\n<p>La merlinita, tambi\u00e9n conocida como la Piedra de Merl\u00edn o Piedra del Mago, es un mineral raro y especial. <strong>Esta pieza es \u00fanica.<\/strong><\/p>\n<\/blockquote>\n<p>Un coraz\u00f3n de merlinita es una hermosa pieza tallada en forma de coraz\u00f3n que puede presentarse en diferentes colores, como verde oscuro, negro y ocasionalmente azul o p\u00farpura. Estos tonos combinados crean un aspecto visualmente atractivo y distintivo.<\/p>\n<p>Adem\u00e1s de su belleza, este cristal tiene propiedades energ\u00e9ticas significativas. La merlinita posee una energ\u00eda m\u00edstica y protectora que facilita la conexi\u00f3n con los reinos superiores. Puede ayudar en la comunicaci\u00f3n con gu\u00edas espirituales y en el desarrollo de la intuici\u00f3n y la percepci\u00f3n ps\u00edquica.<\/p>\n<p><strong>La merlinita tambi\u00e9n se considera un cristal de transformaci\u00f3n y manifestaci\u00f3n. Ayuda en el proceso de cambio y crecimiento personal, fomentando la adaptabilidad y la capacidad de superar obst\u00e1culos.<\/strong><\/p>\n<p>El coraz\u00f3n de merlinita puede ser utilizado de diversas formas, como en meditaci\u00f3n, rituales o simplemente como una pieza que te brinda su energ\u00eda y belleza. Recuerda siempre seguir tu intuici\u00f3n al trabajar con cristales.<\/p>\n<p>Peso: 507 gramos.<\/p>\n<p><em>IMPORTANTE:<\/em> Por tratarse de una pieza natural puede tener peque\u00f1as variaciones con respecto a la fotograf\u00eda.<\/p>\n","protected":false},"excerpt":{"rendered":"<p>La merlinita, tambi\u00e9n conocida como la Piedra de Merl\u00edn o Piedra del Mago, es un mineral raro y especial. Esta pieza es \u00fanica. Un coraz\u00f3n de merlinita es una hermosa pieza tallada en forma de coraz\u00f3n que puede presentarse en diferentes colores, como verde oscuro, negro y ocasionalmente azul o p\u00farpura. Estos tonos combinados crean [&hellip;]<\/p>\n","protected":false},"featured_media":30614,"comment_status":"open","ping_status":"closed","template":"","meta":{"_seopress_robots_primary_cat":"","_seopress_titles_title":"","_seopress_titles_desc":"","_seopress_robots_index":"","_et_pb_use_builder":"","_et_pb_old_content":"","_et_gb_content_width":"","_joinchat":[]},"product_cat":[102],"product_tag":[],"class_list":{"0":"post-31050","1":"product","2":"type-product","3":"status-publish","4":"has-post-thumbnail","6":"product_cat-cristales","8":"first","9":"instock","10":"shipping-taxable","11":"purchasable","12":"product-type-simple"},"_links":{"self":[{"href":"https:\/\/alquimiaseresencia.com\/tienda\/wp-json\/wp\/v2\/product\/31050"}],"collection":[{"href":"https:\/\/alquimiaseresencia.com\/tienda\/wp-json\/wp\/v2\/product"}],"about":[{"href":"https:\/\/alquimiaseresencia.com\/tienda\/wp-json\/wp\/v2\/types\/product"}],"replies":[{"embeddable":true,"href":"https:\/\/alquimiaseresencia.com\/tienda\/wp-json\/wp\/v2\/comments?post=31050"}],"wp:featuredmedia":[{"embeddable":true,"href":"https:\/\/alquimiaseresencia.com\/tienda\/wp-json\/wp\/v2\/media\/30614"}],"wp:attachment":[{"href":"https:\/\/alquimiaseresencia.com\/tienda\/wp-json\/wp\/v2\/media?parent=31050"}],"wp:term":[{"taxonomy":"product_cat","embeddable":true,"href":"https:\/\/alquimiaseresencia.com\/tienda\/wp-json\/wp\/v2\/product_cat?post=31050"},{"taxonomy":"product_tag","embeddable":true,"href":"https:\/\/alquimiaseresencia.com\/tienda\/wp-json\/wp\/v2\/product_tag?post=31050"}],"curies":[{"name":"wp","href":"https:\/\/api.w.org\/{rel}","templated":true}]}}