{"id":31057,"date":"2023-05-29T03:57:13","date_gmt":"2023-05-29T08:57:13","guid":{"rendered":"https:\/\/alquimiaseresencia.com\/tienda\/?post_type=product&#038;p=31057"},"modified":"2023-06-04T22:23:16","modified_gmt":"2023-06-05T03:23:16","slug":"31057","status":"publish","type":"product","link":"https:\/\/alquimiaseresencia.com\/tienda\/producto\/31057\/","title":{"rendered":"GEODA DE CELESTITA DE MADAGASCAR 208GR"},"content":{"rendered":"<blockquote>\n<p>La geoda de celestita de Madagascar es una formaci\u00f3n mineral excepcionalmente hermosa y especial. Las geodas son cavidades rocosas que contienen cristales en su interior.<\/p>\n<\/blockquote>\n<p>La celestita es un mineral de color azul claro a celeste, conocido por su apariencia suave y serena. Presenta una estructura cristalina fascinante, con cristales de celestita que crecen en el interior de la cavidad de la geoda.<\/p>\n<p><strong>La celestita tiene una energ\u00eda calmante y relajante, que ayuda a aliviar el estr\u00e9s y promueve la tranquilidad, armon\u00eda y paz. Adem\u00e1s, su energ\u00eda permite facilitar la comunicaci\u00f3n con los \u00e1ngeles, maestros, guias espirituales.<\/strong><\/p>\n<p>Al contemplar o meditar con una geoda de celestita de Madagascar, se puede experimentar una sensaci\u00f3n de paz y serenidad profunda. Su energ\u00eda suave y reconfortante ayuda a equilibrar las emociones y facilitar la conexi\u00f3n con el Universo, as\u00ed que contar con ella es muy poderoso para el trabajo interior.<\/p>\n<p>Cabe destacar que cada geoda de celestita de Madagascar es \u00fanica, ya que las formaciones minerales var\u00edan en tama\u00f1o, forma y color. Esto significa que cada geoda es una pieza de colecci\u00f3n \u00fanica y especial.<\/p>\n<p>Peso: 208 gramos.<\/p>\n<p><em>IMPORTANTE:<\/em> Por tratarse de una pieza natural puede tener peque\u00f1as variaciones con respecto a la fotograf\u00eda.<\/p>\n","protected":false},"excerpt":{"rendered":"<p>La geoda de celestita de Madagascar es una formaci\u00f3n mineral excepcionalmente hermosa y especial. Las geodas son cavidades rocosas que contienen cristales en su interior. La celestita es un mineral de color azul claro a celeste, conocido por su apariencia suave y serena. Presenta una estructura cristalina fascinante, con cristales de celestita que crecen en [&hellip;]<\/p>\n","protected":false},"featured_media":30587,"comment_status":"open","ping_status":"closed","template":"","meta":{"_seopress_robots_primary_cat":"","_seopress_titles_title":"","_seopress_titles_desc":"","_seopress_robots_index":"","_et_pb_use_builder":"","_et_pb_old_content":"","_et_gb_content_width":"","_joinchat":[]},"product_cat":[102],"product_tag":[],"class_list":{"0":"post-31057","1":"product","2":"type-product","3":"status-publish","4":"has-post-thumbnail","6":"product_cat-cristales","8":"first","9":"instock","10":"shipping-taxable","11":"purchasable","12":"product-type-simple"},"_links":{"self":[{"href":"https:\/\/alquimiaseresencia.com\/tienda\/wp-json\/wp\/v2\/product\/31057"}],"collection":[{"href":"https:\/\/alquimiaseresencia.com\/tienda\/wp-json\/wp\/v2\/product"}],"about":[{"href":"https:\/\/alquimiaseresencia.com\/tienda\/wp-json\/wp\/v2\/types\/product"}],"replies":[{"embeddable":true,"href":"https:\/\/alquimiaseresencia.com\/tienda\/wp-json\/wp\/v2\/comments?post=31057"}],"wp:featuredmedia":[{"embeddable":true,"href":"https:\/\/alquimiaseresencia.com\/tienda\/wp-json\/wp\/v2\/media\/30587"}],"wp:attachment":[{"href":"https:\/\/alquimiaseresencia.com\/tienda\/wp-json\/wp\/v2\/media?parent=31057"}],"wp:term":[{"taxonomy":"product_cat","embeddable":true,"href":"https:\/\/alquimiaseresencia.com\/tienda\/wp-json\/wp\/v2\/product_cat?post=31057"},{"taxonomy":"product_tag","embeddable":true,"href":"https:\/\/alquimiaseresencia.com\/tienda\/wp-json\/wp\/v2\/product_tag?post=31057"}],"curies":[{"name":"wp","href":"https:\/\/api.w.org\/{rel}","templated":true}]}}