{"id":31060,"date":"2023-05-29T03:57:13","date_gmt":"2023-05-29T08:57:13","guid":{"rendered":"https:\/\/alquimiaseresencia.com\/tienda\/?post_type=product&#038;p=31060"},"modified":"2023-06-04T22:12:24","modified_gmt":"2023-06-05T03:12:24","slug":"31060","status":"publish","type":"product","link":"https:\/\/alquimiaseresencia.com\/tienda\/producto\/31060\/","title":{"rendered":"DRUSA DE AMATISTA URUGUAYA CALIDAD EXTRA 380GR"},"content":{"rendered":"<blockquote>\n<p>La Amatista Uruguaya de Calidad Extra es especialmente apreciada debido a su color intenso y su claridad excepcional. <\/p>\n<\/blockquote>\n<p>La regi\u00f3n de Uruguay es conocida por producir unas de las mejores amatistas del mundo, y la calidad extra se debe a su mayor pureza y perfecci\u00f3n en su color y transparencia.<\/p>\n<p><strong>La energ\u00eda de este cristal es calmante, purificador, por lo tanto, ayuda a calmar la mente, aliviar el estr\u00e9s y promover la paz interior. Adem\u00e1s estimula la intuici\u00f3n, la sabidur\u00eda y la claridad mental, lo que facilita los procesos creativos.<\/strong><\/p>\n<p>La drusa de amatista potencia elevados estados de consciencia y meditaci\u00f3n por lo que contar con ella en tus espacios de meditaci\u00f3n es muy poderoso.<\/p>\n<p>En resumen, la Amatista Uruguaya de Calidad Extra es cristal hermoso de alta calidad y belleza, apreciado por su color p\u00farpura intenso, su claridad excepcional y su elevada vibraci\u00f3n.<\/p>\n<p>Peso; 380 gramos.<\/p>\n<p><em>IMPORTANTE:<\/em> Por tratarse de una pieza natural puede tener peque\u00f1as variaciones con respecto a la fotograf\u00eda.<\/p>\n","protected":false},"excerpt":{"rendered":"<p>La Amatista Uruguaya de Calidad Extra es especialmente apreciada debido a su color intenso y su claridad excepcional. La regi\u00f3n de Uruguay es conocida por producir unas de las mejores amatistas del mundo, y la calidad extra se debe a su mayor pureza y perfecci\u00f3n en su color y transparencia. La energ\u00eda de este cristal [&hellip;]<\/p>\n","protected":false},"featured_media":30575,"comment_status":"open","ping_status":"closed","template":"","meta":{"_seopress_robots_primary_cat":"","_seopress_titles_title":"","_seopress_titles_desc":"","_seopress_robots_index":"","_et_pb_use_builder":"","_et_pb_old_content":"","_et_gb_content_width":"","_joinchat":[]},"product_cat":[102],"product_tag":[],"class_list":{"0":"post-31060","1":"product","2":"type-product","3":"status-publish","4":"has-post-thumbnail","6":"product_cat-cristales","8":"first","9":"instock","10":"shipping-taxable","11":"purchasable","12":"product-type-simple"},"_links":{"self":[{"href":"https:\/\/alquimiaseresencia.com\/tienda\/wp-json\/wp\/v2\/product\/31060"}],"collection":[{"href":"https:\/\/alquimiaseresencia.com\/tienda\/wp-json\/wp\/v2\/product"}],"about":[{"href":"https:\/\/alquimiaseresencia.com\/tienda\/wp-json\/wp\/v2\/types\/product"}],"replies":[{"embeddable":true,"href":"https:\/\/alquimiaseresencia.com\/tienda\/wp-json\/wp\/v2\/comments?post=31060"}],"wp:featuredmedia":[{"embeddable":true,"href":"https:\/\/alquimiaseresencia.com\/tienda\/wp-json\/wp\/v2\/media\/30575"}],"wp:attachment":[{"href":"https:\/\/alquimiaseresencia.com\/tienda\/wp-json\/wp\/v2\/media?parent=31060"}],"wp:term":[{"taxonomy":"product_cat","embeddable":true,"href":"https:\/\/alquimiaseresencia.com\/tienda\/wp-json\/wp\/v2\/product_cat?post=31060"},{"taxonomy":"product_tag","embeddable":true,"href":"https:\/\/alquimiaseresencia.com\/tienda\/wp-json\/wp\/v2\/product_tag?post=31060"}],"curies":[{"name":"wp","href":"https:\/\/api.w.org\/{rel}","templated":true}]}}