{"id":31061,"date":"2023-05-29T03:57:13","date_gmt":"2023-05-29T08:57:13","guid":{"rendered":"https:\/\/alquimiaseresencia.com\/tienda\/?post_type=product&#038;p=31061"},"modified":"2023-06-05T14:56:36","modified_gmt":"2023-06-05T19:56:36","slug":"31061","status":"publish","type":"product","link":"https:\/\/alquimiaseresencia.com\/tienda\/producto\/31061\/","title":{"rendered":"LLAMA CUARZO CRISTAL CALIDAD EXTRA 120GR"},"content":{"rendered":"<p>El cuarzo cristal es una variedad muy conocida y ampliamente utilizada. Tambi\u00e9n se le conoce como cuarzo transparente o cuarzo blanco debido a su color incoloro y transl\u00facido, que permite que la luz pase a trav\u00e9s de el.<\/p>\n<p>El cuarzo cristal es apreciado por su pureza y claridad y asi mismo<strong> tiene cualidades energ\u00e9ticas de limpieza y purificaci\u00f3n y puede ayudar a drenar energ\u00edas negativas y bloqueos, promoviendo el equilibrio y la armon\u00eda en el cuerpo y el entorno.<\/strong><\/p>\n<p>Este cristal es conocido por su capacidad de potenciar la claridad mental y la concentraci\u00f3n, estimular el pensamiento claro y promover la toma de decisiones.<\/p>\n<p><strong>Adem\u00e1s es amplificador de la energ\u00edas por lo tanto puede potenciar tus intenciones.<\/strong><\/p>\n<p>Peso; 120 gramos.<\/p>\n<p><em>IMPORTANTE:<\/em> Por tratarse de una pieza natural puede tener peque\u00f1as variaciones con respecto a la fotograf\u00eda.<\/p>\n","protected":false},"excerpt":{"rendered":"<p>El cuarzo cristal es una variedad muy conocida y ampliamente utilizada. Tambi\u00e9n se le conoce como cuarzo transparente o cuarzo blanco debido a su color incoloro y transl\u00facido, que permite que la luz pase a trav\u00e9s de el. El cuarzo cristal es apreciado por su pureza y claridad y asi mismo tiene cualidades energ\u00e9ticas de [&hellip;]<\/p>\n","protected":false},"featured_media":30573,"comment_status":"open","ping_status":"closed","template":"","meta":{"_seopress_robots_primary_cat":"","_seopress_titles_title":"","_seopress_titles_desc":"","_seopress_robots_index":"","_et_pb_use_builder":"","_et_pb_old_content":"","_et_gb_content_width":"","_joinchat":[]},"product_cat":[102],"product_tag":[],"class_list":{"0":"post-31061","1":"product","2":"type-product","3":"status-publish","4":"has-post-thumbnail","6":"product_cat-cristales","8":"first","9":"instock","10":"shipping-taxable","11":"purchasable","12":"product-type-simple"},"_links":{"self":[{"href":"https:\/\/alquimiaseresencia.com\/tienda\/wp-json\/wp\/v2\/product\/31061"}],"collection":[{"href":"https:\/\/alquimiaseresencia.com\/tienda\/wp-json\/wp\/v2\/product"}],"about":[{"href":"https:\/\/alquimiaseresencia.com\/tienda\/wp-json\/wp\/v2\/types\/product"}],"replies":[{"embeddable":true,"href":"https:\/\/alquimiaseresencia.com\/tienda\/wp-json\/wp\/v2\/comments?post=31061"}],"wp:featuredmedia":[{"embeddable":true,"href":"https:\/\/alquimiaseresencia.com\/tienda\/wp-json\/wp\/v2\/media\/30573"}],"wp:attachment":[{"href":"https:\/\/alquimiaseresencia.com\/tienda\/wp-json\/wp\/v2\/media?parent=31061"}],"wp:term":[{"taxonomy":"product_cat","embeddable":true,"href":"https:\/\/alquimiaseresencia.com\/tienda\/wp-json\/wp\/v2\/product_cat?post=31061"},{"taxonomy":"product_tag","embeddable":true,"href":"https:\/\/alquimiaseresencia.com\/tienda\/wp-json\/wp\/v2\/product_tag?post=31061"}],"curies":[{"name":"wp","href":"https:\/\/api.w.org\/{rel}","templated":true}]}}