{"id":31065,"date":"2023-05-29T03:57:13","date_gmt":"2023-05-29T08:57:13","guid":{"rendered":"https:\/\/alquimiaseresencia.com\/tienda\/?post_type=product&#038;p=31065"},"modified":"2023-06-05T13:47:37","modified_gmt":"2023-06-05T18:47:37","slug":"31065","status":"publish","type":"product","link":"https:\/\/alquimiaseresencia.com\/tienda\/producto\/31065\/","title":{"rendered":"DRUSA DE FLUORITA C\u00daBICA DE MADAGASCAR 468GR"},"content":{"rendered":"<p>La drusa de fluorita c\u00fabica de Madagascar es una formaci\u00f3n mineral fascinante y hermosa. Se caracteriza por sus cristales de forma geom\u00e9trica, que se agrupan en una matriz.<\/p>\n<p><strong>La fluorita es un cristal altamente protector y purificador. Adem\u00e1s, act\u00faa como un \"archivador\" energ\u00e9tico, ayudando a clasificar y organizar la informaci\u00f3n recibida tanto a nivel espiritual como mental. Puede ayudar a discernir que informaci\u00f3n es relevante y \u00fatil en el momento presente y cu\u00e1l ya no es necesaria y puede ser liberada, promoviendo la claridad mental y el pensamiento ordenado.<\/strong><\/p>\n<p>La drusa de fluorita c\u00fabica de Madagascar es una pieza \u00fanica que puede ser utilizada tanto como objeto de colecci\u00f3n como para aprovechar sus propiedades energ\u00e9ticas. Puedes colocarla en tu espacio de meditaci\u00f3n o en tu hogar para disfrutar de su belleza y aprovechar sus beneficios.<\/p>\n<p>La drusa de fluorita c\u00fabica de Madagascar es una formaci\u00f3n mineral impresionante, con sus cristales c\u00fabicos.<\/p>\n<p><em>IMPORTANTE:<\/em> Por tratarse de una pieza natural puede tener peque\u00f1as variaciones con respecto a la fotograf\u00eda.<\/p>\n","protected":false},"excerpt":{"rendered":"<p>La drusa de fluorita c\u00fabica de Madagascar es una formaci\u00f3n mineral fascinante y hermosa. Se caracteriza por sus cristales de forma geom\u00e9trica, que se agrupan en una matriz. La fluorita es un cristal altamente protector y purificador. Adem\u00e1s, act\u00faa como un \"archivador\" energ\u00e9tico, ayudando a clasificar y organizar la informaci\u00f3n recibida tanto a nivel espiritual [&hellip;]<\/p>\n","protected":false},"featured_media":30559,"comment_status":"open","ping_status":"closed","template":"","meta":{"_seopress_robots_primary_cat":"none","_seopress_titles_title":"","_seopress_titles_desc":"","_seopress_robots_index":"","_et_pb_use_builder":"","_et_pb_old_content":"","_et_gb_content_width":"","_joinchat":[]},"product_cat":[102],"product_tag":[],"class_list":{"0":"post-31065","1":"product","2":"type-product","3":"status-publish","4":"has-post-thumbnail","6":"product_cat-cristales","8":"first","9":"instock","10":"shipping-taxable","11":"purchasable","12":"product-type-simple"},"_links":{"self":[{"href":"https:\/\/alquimiaseresencia.com\/tienda\/wp-json\/wp\/v2\/product\/31065"}],"collection":[{"href":"https:\/\/alquimiaseresencia.com\/tienda\/wp-json\/wp\/v2\/product"}],"about":[{"href":"https:\/\/alquimiaseresencia.com\/tienda\/wp-json\/wp\/v2\/types\/product"}],"replies":[{"embeddable":true,"href":"https:\/\/alquimiaseresencia.com\/tienda\/wp-json\/wp\/v2\/comments?post=31065"}],"wp:featuredmedia":[{"embeddable":true,"href":"https:\/\/alquimiaseresencia.com\/tienda\/wp-json\/wp\/v2\/media\/30559"}],"wp:attachment":[{"href":"https:\/\/alquimiaseresencia.com\/tienda\/wp-json\/wp\/v2\/media?parent=31065"}],"wp:term":[{"taxonomy":"product_cat","embeddable":true,"href":"https:\/\/alquimiaseresencia.com\/tienda\/wp-json\/wp\/v2\/product_cat?post=31065"},{"taxonomy":"product_tag","embeddable":true,"href":"https:\/\/alquimiaseresencia.com\/tienda\/wp-json\/wp\/v2\/product_tag?post=31065"}],"curies":[{"name":"wp","href":"https:\/\/api.w.org\/{rel}","templated":true}]}}