{"id":31070,"date":"2023-05-29T03:57:14","date_gmt":"2023-05-29T08:57:14","guid":{"rendered":"https:\/\/alquimiaseresencia.com\/tienda\/?post_type=product&#038;p=31070"},"modified":"2023-06-05T13:47:45","modified_gmt":"2023-06-05T18:47:45","slug":"31070","status":"publish","type":"product","link":"https:\/\/alquimiaseresencia.com\/tienda\/producto\/31070\/","title":{"rendered":"OBELISCO AMAZONITA CON GRANATE 213GR"},"content":{"rendered":"<p><strong>El obelisco de amazonita con granate es una pieza muy especial y \u00fanica.<\/strong><\/p>\n<blockquote>\n<p>La amazonita es un cristal de tonalidades verdes o azules, que tiene una energ\u00eda calmante y equilibrante. El granate es un cristal de color rojo intenso, conectado con la pasi\u00f3n y la energ\u00eda.<\/p>\n<\/blockquote>\n<p><strong>La combinaci\u00f3n de la amazonita y el granate en un obelisco crea una sinergia \u00fanica de propiedades energ\u00e9ticas. La amazonita proporciona una sensaci\u00f3n de calma y serenidad, ayudando a aliviar el estr\u00e9s y la ansiedad. Tambi\u00e9n fomenta la comunicaci\u00f3n y la expresi\u00f3n personal, fortaleciendo la confianza en uno mismo. Por su parte, el granate aporta energ\u00eda y vitalidad, estimulando la pasi\u00f3n y la motivaci\u00f3n.<\/strong><\/p>\n<p>El obelisco de amazonita con granate es una pieza que puedes utilizar de diferentes formas. Puedes colocarlo en tu espacio de meditaci\u00f3n para ayudar a calmar la mente y promover la introspecci\u00f3n. Tambi\u00e9n puedes usarlo en tu hogar u oficina para aprovechar su energ\u00eda equilibrante y revitalizante.<\/p>\n<p>En resumen, el obelisco de amazonita con granate combina las propiedades calmantes y equilibrantes de la amazonita con la energ\u00eda estimulante del granate. Es una opci\u00f3n poderosa y hermosa para aquellos que buscan armon\u00eda, vitalidad y expresi\u00f3n personal en su vida.<\/p>\n<p>Peso: 213 gramos.<\/p>\n<p><em>IMPORTANTE:<\/em> Por tratarse de una pieza natural puede tener peque\u00f1as variaciones con respecto a la fotograf\u00eda.<\/p>\n","protected":false},"excerpt":{"rendered":"<p>El obelisco de amazonita con granate es una pieza muy especial y \u00fanica. La amazonita es un cristal de tonalidades verdes o azules, que tiene una energ\u00eda calmante y equilibrante. El granate es un cristal de color rojo intenso, conectado con la pasi\u00f3n y la energ\u00eda. La combinaci\u00f3n de la amazonita y el granate en [&hellip;]<\/p>\n","protected":false},"featured_media":30539,"comment_status":"open","ping_status":"closed","template":"","meta":{"_seopress_robots_primary_cat":"","_seopress_titles_title":"","_seopress_titles_desc":"","_seopress_robots_index":"","_et_pb_use_builder":"","_et_pb_old_content":"","_et_gb_content_width":"","_joinchat":[]},"product_cat":[102],"product_tag":[],"class_list":{"0":"post-31070","1":"product","2":"type-product","3":"status-publish","4":"has-post-thumbnail","6":"product_cat-cristales","8":"first","9":"instock","10":"shipping-taxable","11":"purchasable","12":"product-type-simple"},"_links":{"self":[{"href":"https:\/\/alquimiaseresencia.com\/tienda\/wp-json\/wp\/v2\/product\/31070"}],"collection":[{"href":"https:\/\/alquimiaseresencia.com\/tienda\/wp-json\/wp\/v2\/product"}],"about":[{"href":"https:\/\/alquimiaseresencia.com\/tienda\/wp-json\/wp\/v2\/types\/product"}],"replies":[{"embeddable":true,"href":"https:\/\/alquimiaseresencia.com\/tienda\/wp-json\/wp\/v2\/comments?post=31070"}],"wp:featuredmedia":[{"embeddable":true,"href":"https:\/\/alquimiaseresencia.com\/tienda\/wp-json\/wp\/v2\/media\/30539"}],"wp:attachment":[{"href":"https:\/\/alquimiaseresencia.com\/tienda\/wp-json\/wp\/v2\/media?parent=31070"}],"wp:term":[{"taxonomy":"product_cat","embeddable":true,"href":"https:\/\/alquimiaseresencia.com\/tienda\/wp-json\/wp\/v2\/product_cat?post=31070"},{"taxonomy":"product_tag","embeddable":true,"href":"https:\/\/alquimiaseresencia.com\/tienda\/wp-json\/wp\/v2\/product_tag?post=31070"}],"curies":[{"name":"wp","href":"https:\/\/api.w.org\/{rel}","templated":true}]}}