{"id":31074,"date":"2023-05-29T03:57:14","date_gmt":"2023-05-29T08:57:14","guid":{"rendered":"https:\/\/alquimiaseresencia.com\/tienda\/?post_type=product&#038;p=31074"},"modified":"2023-06-04T19:28:26","modified_gmt":"2023-06-05T00:28:26","slug":"31074","status":"publish","type":"product","link":"https:\/\/alquimiaseresencia.com\/tienda\/producto\/31074\/","title":{"rendered":"OBELISCO TURMALINA NEGRA 160GR"},"content":{"rendered":"<blockquote>\n<p>Este cristal posee poderosas propiedades energ\u00e9ticas, ya que tiene la capacidad de absorber y neutralizar las energ\u00edas negativas, canaliz\u00e1ndolas hacia el centro de la Tierra. <strong>Esto contribuye a eliminar bloqueos energ\u00e9ticos y promover un estado de equilibrio y armon\u00eda. Por esta raz\u00f3n, la turmalina negra es considerada un cristal de protecci\u00f3n muy poderoso.<\/strong><\/p>\n<\/blockquote>\n<p>El obelisco de turmalina negra presenta una forma alargada y una punta en la parte superior. Esta forma permite canalizar y dirigir la energ\u00eda de manera enfocada y efectiva. <strong>Act\u00faa como un escudo protector, ayudando a mantener tu campo energ\u00e9tico equilibrado y seguro, tanto para ti como para los espacios en los que se coloque.<\/strong><\/p>\n<p>Al utilizar un obelisco de turmalina negra, puedes aprovechar las propiedades protectoras y equilibrantes de este cristal. Puedes ubicarlo en tu espacio de meditaci\u00f3n, en tu escritorio de trabajo o en cualquier lugar donde desees mantener una energ\u00eda positiva y protegida.<\/p>\n<p>Peso: 160 gramos.<\/p>\n<p><em>IMPORTANTE:<\/em> Por tratarse de una pieza natural puede tener peque\u00f1as variaciones con respecto a la fotograf\u00eda.<\/p>\n","protected":false},"excerpt":{"rendered":"<p>Este cristal posee poderosas propiedades energ\u00e9ticas, ya que tiene la capacidad de absorber y neutralizar las energ\u00edas negativas, canaliz\u00e1ndolas hacia el centro de la Tierra. Esto contribuye a eliminar bloqueos energ\u00e9ticos y promover un estado de equilibrio y armon\u00eda. Por esta raz\u00f3n, la turmalina negra es considerada un cristal de protecci\u00f3n muy poderoso. El obelisco [&hellip;]<\/p>\n","protected":false},"featured_media":30524,"comment_status":"open","ping_status":"closed","template":"","meta":{"_seopress_robots_primary_cat":"","_seopress_titles_title":"","_seopress_titles_desc":"","_seopress_robots_index":"","_et_pb_use_builder":"","_et_pb_old_content":"","_et_gb_content_width":"","_joinchat":[]},"product_cat":[102],"product_tag":[],"class_list":{"0":"post-31074","1":"product","2":"type-product","3":"status-publish","4":"has-post-thumbnail","6":"product_cat-cristales","8":"first","9":"instock","10":"shipping-taxable","11":"purchasable","12":"product-type-simple"},"_links":{"self":[{"href":"https:\/\/alquimiaseresencia.com\/tienda\/wp-json\/wp\/v2\/product\/31074"}],"collection":[{"href":"https:\/\/alquimiaseresencia.com\/tienda\/wp-json\/wp\/v2\/product"}],"about":[{"href":"https:\/\/alquimiaseresencia.com\/tienda\/wp-json\/wp\/v2\/types\/product"}],"replies":[{"embeddable":true,"href":"https:\/\/alquimiaseresencia.com\/tienda\/wp-json\/wp\/v2\/comments?post=31074"}],"wp:featuredmedia":[{"embeddable":true,"href":"https:\/\/alquimiaseresencia.com\/tienda\/wp-json\/wp\/v2\/media\/30524"}],"wp:attachment":[{"href":"https:\/\/alquimiaseresencia.com\/tienda\/wp-json\/wp\/v2\/media?parent=31074"}],"wp:term":[{"taxonomy":"product_cat","embeddable":true,"href":"https:\/\/alquimiaseresencia.com\/tienda\/wp-json\/wp\/v2\/product_cat?post=31074"},{"taxonomy":"product_tag","embeddable":true,"href":"https:\/\/alquimiaseresencia.com\/tienda\/wp-json\/wp\/v2\/product_tag?post=31074"}],"curies":[{"name":"wp","href":"https:\/\/api.w.org\/{rel}","templated":true}]}}