{"id":31078,"date":"2023-05-29T03:57:14","date_gmt":"2023-05-29T08:57:14","guid":{"rendered":"https:\/\/alquimiaseresencia.com\/tienda\/?post_type=product&#038;p=31078"},"modified":"2023-06-05T13:47:59","modified_gmt":"2023-06-05T18:47:59","slug":"31078","status":"publish","type":"product","link":"https:\/\/alquimiaseresencia.com\/tienda\/producto\/31078\/","title":{"rendered":"OBELISCO GEODA \u00c1GATA TALLADA 233GR"},"content":{"rendered":"<blockquote>\n<p>Este obelisco geoda de \u00e1gata tallada es una pieza \u00fanica de colecci\u00f3n que se destaca por su belleza y propiedades.<\/p>\n<\/blockquote>\n<p>Las \u00e1gatas presentan l\u00edneas que forman c\u00edrculos en su estructura, y estas vetas contribuyen a purificar los canales de energ\u00eda tanto en tu cuerpo como en tu entorno.<\/p>\n<p><strong>Al observar su interior, podr\u00e1s apreciar peque\u00f1as puntas de cuarzo, desde las cuales emana una fuerza energ\u00e9tica constante que se irradia hacia todo lo que la rodea. Esta energ\u00eda est\u00e1 disponible para ti, las personas que te rodean y los espacios en los que se encuentre esta geoda.<\/strong><\/p>\n<p>Adem\u00e1s, este cristal puede brindar un gran apoyo al iniciar nuevos proyectos en diversos \u00e1mbitos de tu vida, ya sea personal, profesional o laboral. Fortalece la mente y te ayuda a discernir la verdad, lo que puede ser de gran utilidad al tomar decisiones importantes y mantener un enfoque claro en tus metas.<\/p>\n<p>Su forma de obelisco permite canalizar la energ\u00eda a trav\u00e9s de su punta, lo que facilita su irradiaci\u00f3n. Esta pieza ha sido tallada por expertos artesanos, lo que garantiza su calidad y belleza.<\/p>\n<p>Es una pieza de colecci\u00f3n valiosa y vers\u00e1til que puede ser utilizado como un apoyo para la meditaci\u00f3n, la armonizaci\u00f3n de espacios y el inicio de nuevos proyectos.<\/p>\n<p>Peso: 233 gramos.<\/p>\n<p><em>IMPORTANTE:<\/em> Al tratarse de una pieza natural, puede presentar peque\u00f1as variaciones con respecto a la fotograf\u00eda.<\/p>\n","protected":false},"excerpt":{"rendered":"<p>Este obelisco geoda de \u00e1gata tallada es una pieza \u00fanica de colecci\u00f3n que se destaca por su belleza y propiedades. Las \u00e1gatas presentan l\u00edneas que forman c\u00edrculos en su estructura, y estas vetas contribuyen a purificar los canales de energ\u00eda tanto en tu cuerpo como en tu entorno. Al observar su interior, podr\u00e1s apreciar peque\u00f1as [&hellip;]<\/p>\n","protected":false},"featured_media":30508,"comment_status":"open","ping_status":"closed","template":"","meta":{"_seopress_robots_primary_cat":"","_seopress_titles_title":"","_seopress_titles_desc":"","_seopress_robots_index":"","_et_pb_use_builder":"","_et_pb_old_content":"","_et_gb_content_width":"","_joinchat":[]},"product_cat":[102],"product_tag":[],"class_list":{"0":"post-31078","1":"product","2":"type-product","3":"status-publish","4":"has-post-thumbnail","6":"product_cat-cristales","8":"first","9":"instock","10":"shipping-taxable","11":"purchasable","12":"product-type-simple"},"_links":{"self":[{"href":"https:\/\/alquimiaseresencia.com\/tienda\/wp-json\/wp\/v2\/product\/31078"}],"collection":[{"href":"https:\/\/alquimiaseresencia.com\/tienda\/wp-json\/wp\/v2\/product"}],"about":[{"href":"https:\/\/alquimiaseresencia.com\/tienda\/wp-json\/wp\/v2\/types\/product"}],"replies":[{"embeddable":true,"href":"https:\/\/alquimiaseresencia.com\/tienda\/wp-json\/wp\/v2\/comments?post=31078"}],"wp:featuredmedia":[{"embeddable":true,"href":"https:\/\/alquimiaseresencia.com\/tienda\/wp-json\/wp\/v2\/media\/30508"}],"wp:attachment":[{"href":"https:\/\/alquimiaseresencia.com\/tienda\/wp-json\/wp\/v2\/media?parent=31078"}],"wp:term":[{"taxonomy":"product_cat","embeddable":true,"href":"https:\/\/alquimiaseresencia.com\/tienda\/wp-json\/wp\/v2\/product_cat?post=31078"},{"taxonomy":"product_tag","embeddable":true,"href":"https:\/\/alquimiaseresencia.com\/tienda\/wp-json\/wp\/v2\/product_tag?post=31078"}],"curies":[{"name":"wp","href":"https:\/\/api.w.org\/{rel}","templated":true}]}}