{"id":31079,"date":"2023-05-29T03:57:14","date_gmt":"2023-05-29T08:57:14","guid":{"rendered":"https:\/\/alquimiaseresencia.com\/tienda\/?post_type=product&#038;p=31079"},"modified":"2023-06-05T13:47:59","modified_gmt":"2023-06-05T18:47:59","slug":"31079","status":"publish","type":"product","link":"https:\/\/alquimiaseresencia.com\/tienda\/producto\/31079\/","title":{"rendered":"OBELISCO GEODA \u00c1GATA TALLADA 240GR"},"content":{"rendered":"<blockquote>\n<p>Esta \u00e1gata natural es una pieza \u00fanica de colecci\u00f3n.<\/p>\n<\/blockquote>\n<p>Las \u00e1gatas tienen l\u00edneas haciendo una especie de c\u00edrculos. Estas vetas ayudan a purificar los canales de energ\u00eda de tu cuerpo y de tu entorno. <strong>Al ser una geoda tiene una fuerza energ\u00e9tica constante en su interior que se irradia hacia lo que all\u00ed se sit\u00fae y esta pieza en particular tiene proyecci\u00f3n de esa energ\u00eda por los dos costados, as\u00ed que puedes aprovechar esta energ\u00eda disponible para ti, para los que te rodean y para tus espacios.<\/strong><\/p>\n<p>Este cristal tambi\u00e9n es un gran apoyo para iniciar nuevos proyectos ya sea en t\u00e9rminos de proyectos personales, profesionales, laborales, etc., ya que fortalece la mente y ayuda a discernir la verdad.<\/p>\n<p>Su forma de obelisco permite canalizar la energ\u00eda en su punta y desde all\u00ed irradiarla. Esta geoda \u00e1gata es tallada por expertos artesanos.<\/p>\n<p>Peso: 240 gramos<\/p>\n<p><em>IMPORTANTE:<\/em> Al tratarse de una pieza natural, puede presentar peque\u00f1as variaciones con respecto a la fotograf\u00eda.<\/p>\n","protected":false},"excerpt":{"rendered":"<p>Esta \u00e1gata natural es una pieza \u00fanica de colecci\u00f3n. Las \u00e1gatas tienen l\u00edneas haciendo una especie de c\u00edrculos. Estas vetas ayudan a purificar los canales de energ\u00eda de tu cuerpo y de tu entorno. Al ser una geoda tiene una fuerza energ\u00e9tica constante en su interior que se irradia hacia lo que all\u00ed se sit\u00fae [&hellip;]<\/p>\n","protected":false},"featured_media":30504,"comment_status":"open","ping_status":"closed","template":"","meta":{"_seopress_robots_primary_cat":"","_seopress_titles_title":"","_seopress_titles_desc":"","_seopress_robots_index":"","_et_pb_use_builder":"","_et_pb_old_content":"","_et_gb_content_width":"","_joinchat":[]},"product_cat":[102],"product_tag":[],"class_list":{"0":"post-31079","1":"product","2":"type-product","3":"status-publish","4":"has-post-thumbnail","6":"product_cat-cristales","8":"first","9":"instock","10":"shipping-taxable","11":"purchasable","12":"product-type-simple"},"_links":{"self":[{"href":"https:\/\/alquimiaseresencia.com\/tienda\/wp-json\/wp\/v2\/product\/31079"}],"collection":[{"href":"https:\/\/alquimiaseresencia.com\/tienda\/wp-json\/wp\/v2\/product"}],"about":[{"href":"https:\/\/alquimiaseresencia.com\/tienda\/wp-json\/wp\/v2\/types\/product"}],"replies":[{"embeddable":true,"href":"https:\/\/alquimiaseresencia.com\/tienda\/wp-json\/wp\/v2\/comments?post=31079"}],"wp:featuredmedia":[{"embeddable":true,"href":"https:\/\/alquimiaseresencia.com\/tienda\/wp-json\/wp\/v2\/media\/30504"}],"wp:attachment":[{"href":"https:\/\/alquimiaseresencia.com\/tienda\/wp-json\/wp\/v2\/media?parent=31079"}],"wp:term":[{"taxonomy":"product_cat","embeddable":true,"href":"https:\/\/alquimiaseresencia.com\/tienda\/wp-json\/wp\/v2\/product_cat?post=31079"},{"taxonomy":"product_tag","embeddable":true,"href":"https:\/\/alquimiaseresencia.com\/tienda\/wp-json\/wp\/v2\/product_tag?post=31079"}],"curies":[{"name":"wp","href":"https:\/\/api.w.org\/{rel}","templated":true}]}}