{"id":31198,"date":"2023-06-15T18:15:32","date_gmt":"2023-06-15T23:15:32","guid":{"rendered":"https:\/\/alquimiaseresencia.com\/tienda\/?post_type=product&#038;p=31198"},"modified":"2023-06-16T12:23:49","modified_gmt":"2023-06-16T17:23:49","slug":"cultiva-relaciones-armoniosas","status":"publish","type":"product","link":"https:\/\/alquimiaseresencia.com\/tienda\/producto\/cultiva-relaciones-armoniosas\/","title":{"rendered":"CULTIVA RELACIONES ARMONIOSAS"},"content":{"rendered":"<p><strong>CUARZO ROSA - RODONITA - CORNALINA<\/strong><\/p>\n<p>Experimenta un profundo equilibrio emocional y reconoce que eres amor manifestado con esta poderosa combinaci\u00f3n de cristales. Construye una relaci\u00f3n m\u00e1s saludable contigo misma y con tu entorno, fomentando la armon\u00eda y la conexi\u00f3n aut\u00e9ntica en todas tus interacciones.<\/p>\n<p>\u27a2 Material: Bronce con ba\u00f1o en oro.<\/p>\n<p><em>IMPORTANTE:<\/em> Por tratarse de piezas con cristales naturales pueden tener peque\u00f1as variaciones naturales con respecto a la fotograf\u00eda.<\/p>\n","protected":false},"excerpt":{"rendered":"<p>CUARZO ROSA - RODONITA - CORNALINA Experimenta un profundo equilibrio emocional y reconoce que eres amor manifestado con esta poderosa combinaci\u00f3n de cristales. Construye una relaci\u00f3n m\u00e1s saludable contigo misma y con tu entorno, fomentando la armon\u00eda y la conexi\u00f3n aut\u00e9ntica en todas tus interacciones. \u27a2 Material: Bronce con ba\u00f1o en oro. IMPORTANTE: Por tratarse [&hellip;]<\/p>\n","protected":false},"featured_media":31202,"comment_status":"open","ping_status":"closed","template":"","meta":{"_seopress_robots_primary_cat":"none","_seopress_titles_title":"CULTIVA RELACIONES ARMONIOSAS","_seopress_titles_desc":"","_seopress_robots_index":"","_et_pb_use_builder":"","_et_pb_old_content":"","_et_gb_content_width":"","_joinchat":[]},"product_cat":[98],"product_tag":[],"class_list":{"0":"post-31198","1":"product","2":"type-product","3":"status-publish","4":"has-post-thumbnail","6":"product_cat-pulseras-con-cristales-cat-n","8":"first","9":"instock","10":"shipping-taxable","11":"purchasable","12":"product-type-variable"},"_links":{"self":[{"href":"https:\/\/alquimiaseresencia.com\/tienda\/wp-json\/wp\/v2\/product\/31198"}],"collection":[{"href":"https:\/\/alquimiaseresencia.com\/tienda\/wp-json\/wp\/v2\/product"}],"about":[{"href":"https:\/\/alquimiaseresencia.com\/tienda\/wp-json\/wp\/v2\/types\/product"}],"replies":[{"embeddable":true,"href":"https:\/\/alquimiaseresencia.com\/tienda\/wp-json\/wp\/v2\/comments?post=31198"}],"wp:featuredmedia":[{"embeddable":true,"href":"https:\/\/alquimiaseresencia.com\/tienda\/wp-json\/wp\/v2\/media\/31202"}],"wp:attachment":[{"href":"https:\/\/alquimiaseresencia.com\/tienda\/wp-json\/wp\/v2\/media?parent=31198"}],"wp:term":[{"taxonomy":"product_cat","embeddable":true,"href":"https:\/\/alquimiaseresencia.com\/tienda\/wp-json\/wp\/v2\/product_cat?post=31198"},{"taxonomy":"product_tag","embeddable":true,"href":"https:\/\/alquimiaseresencia.com\/tienda\/wp-json\/wp\/v2\/product_tag?post=31198"}],"curies":[{"name":"wp","href":"https:\/\/api.w.org\/{rel}","templated":true}]}}