{"id":31257,"date":"2023-06-16T11:14:13","date_gmt":"2023-06-16T16:14:13","guid":{"rendered":"https:\/\/alquimiaseresencia.com\/tienda\/?post_type=product&#038;p=31257"},"modified":"2023-06-16T11:38:29","modified_gmt":"2023-06-16T16:38:29","slug":"abrete-magia-nuevo","status":"publish","type":"product","link":"https:\/\/alquimiaseresencia.com\/tienda\/producto\/abrete-magia-nuevo\/","title":{"rendered":"\u00c1BRETE A LA MAGIA DE LO NUEVO"},"content":{"rendered":"<p><strong>CITRINO - CUARZO TURMALINADO<\/strong><\/p>\n<p>Estos cristales se unen para potenciar tu vitalidad, confianza y arraigo al momento presente. Con esta poderosa sinergia, podr\u00e1s dar pasos firmes hacia la manifestaci\u00f3n de tus proyectos m\u00e1s anhelados, aquellos que habitan en tu coraz\u00f3n. Atr\u00e9vete a explorar nuevas oportunidades y descubre la magia que surge cuando te abres al flujo de lo nuevo.<\/p>\n<p>\u27a2 Material: Bronce con ba\u00f1o en oro.<\/p>\n<p><em>IMPORTANTE:<\/em> Por tratarse de piezas con cristales naturales pueden tener peque\u00f1as variaciones naturales con respecto a la fotograf\u00eda.<\/p>\n","protected":false},"excerpt":{"rendered":"<p>CITRINO - CUARZO TURMALINADO Estos cristales se unen para potenciar tu vitalidad, confianza y arraigo al momento presente. Con esta poderosa sinergia, podr\u00e1s dar pasos firmes hacia la manifestaci\u00f3n de tus proyectos m\u00e1s anhelados, aquellos que habitan en tu coraz\u00f3n. Atr\u00e9vete a explorar nuevas oportunidades y descubre la magia que surge cuando te abres al [&hellip;]<\/p>\n","protected":false},"featured_media":31205,"comment_status":"open","ping_status":"closed","template":"","meta":{"_seopress_robots_primary_cat":"none","_seopress_titles_title":"","_seopress_titles_desc":"","_seopress_robots_index":"","_et_pb_use_builder":"","_et_pb_old_content":"","_et_gb_content_width":"","_joinchat":[]},"product_cat":[98],"product_tag":[],"class_list":{"0":"post-31257","1":"product","2":"type-product","3":"status-publish","4":"has-post-thumbnail","6":"product_cat-pulseras-con-cristales-cat-n","8":"first","9":"instock","10":"shipping-taxable","11":"purchasable","12":"product-type-variable"},"_links":{"self":[{"href":"https:\/\/alquimiaseresencia.com\/tienda\/wp-json\/wp\/v2\/product\/31257"}],"collection":[{"href":"https:\/\/alquimiaseresencia.com\/tienda\/wp-json\/wp\/v2\/product"}],"about":[{"href":"https:\/\/alquimiaseresencia.com\/tienda\/wp-json\/wp\/v2\/types\/product"}],"replies":[{"embeddable":true,"href":"https:\/\/alquimiaseresencia.com\/tienda\/wp-json\/wp\/v2\/comments?post=31257"}],"wp:featuredmedia":[{"embeddable":true,"href":"https:\/\/alquimiaseresencia.com\/tienda\/wp-json\/wp\/v2\/media\/31205"}],"wp:attachment":[{"href":"https:\/\/alquimiaseresencia.com\/tienda\/wp-json\/wp\/v2\/media?parent=31257"}],"wp:term":[{"taxonomy":"product_cat","embeddable":true,"href":"https:\/\/alquimiaseresencia.com\/tienda\/wp-json\/wp\/v2\/product_cat?post=31257"},{"taxonomy":"product_tag","embeddable":true,"href":"https:\/\/alquimiaseresencia.com\/tienda\/wp-json\/wp\/v2\/product_tag?post=31257"}],"curies":[{"name":"wp","href":"https:\/\/api.w.org\/{rel}","templated":true}]}}