{"id":31261,"date":"2023-06-16T11:30:25","date_gmt":"2023-06-16T16:30:25","guid":{"rendered":"https:\/\/alquimiaseresencia.com\/tienda\/?post_type=product&#038;p=31261"},"modified":"2023-06-16T11:49:46","modified_gmt":"2023-06-16T16:49:46","slug":"conecta-sabiduria-femenina","status":"publish","type":"product","link":"https:\/\/alquimiaseresencia.com\/tienda\/producto\/conecta-sabiduria-femenina\/","title":{"rendered":"CONECTA CON TU SABIDUR\u00cdA FEMENINA"},"content":{"rendered":"<p><strong>JADE VERDE Y UNAKITA<\/strong><\/p>\n<p>Esta combinaci\u00f3n de cristales te gu\u00eda a conectar con tu sabidur\u00eda interna femenina, empoder\u00e1ndote para tomar decisiones basadas en la escucha profunda de tu cuerpo y de tus emociones, m\u00e1s all\u00e1 de las expectativas externas y las normas de lo que \u201cdeber\u00eda ser\u201d.<\/p>\n<p>\u27a2 Material: Bronce con ba\u00f1o en oro.<\/p>\n<p><em>IMPORTANTE:<\/em> Por tratarse de piezas con cristales naturales pueden tener peque\u00f1as variaciones naturales con respecto a la fotograf\u00eda.<\/p>\n","protected":false},"excerpt":{"rendered":"<p>JADE VERDE Y UNAKITA Esta combinaci\u00f3n de cristales te gu\u00eda a conectar con tu sabidur\u00eda interna femenina, empoder\u00e1ndote para tomar decisiones basadas en la escucha profunda de tu cuerpo y de tus emociones, m\u00e1s all\u00e1 de las expectativas externas y las normas de lo que \u201cdeber\u00eda ser\u201d. \u27a2 Material: Bronce con ba\u00f1o en oro. IMPORTANTE: [&hellip;]<\/p>\n","protected":false},"featured_media":31208,"comment_status":"open","ping_status":"closed","template":"","meta":{"_seopress_robots_primary_cat":"none","_seopress_titles_title":"CONECTA CON TU SABIDUR\u00cdA FEMENINA","_seopress_titles_desc":"","_seopress_robots_index":"","_et_pb_use_builder":"","_et_pb_old_content":"","_et_gb_content_width":"","_joinchat":[]},"product_cat":[98],"product_tag":[],"class_list":{"0":"post-31261","1":"product","2":"type-product","3":"status-publish","4":"has-post-thumbnail","6":"product_cat-pulseras-con-cristales-cat-n","8":"first","9":"instock","10":"shipping-taxable","11":"purchasable","12":"product-type-variable"},"_links":{"self":[{"href":"https:\/\/alquimiaseresencia.com\/tienda\/wp-json\/wp\/v2\/product\/31261"}],"collection":[{"href":"https:\/\/alquimiaseresencia.com\/tienda\/wp-json\/wp\/v2\/product"}],"about":[{"href":"https:\/\/alquimiaseresencia.com\/tienda\/wp-json\/wp\/v2\/types\/product"}],"replies":[{"embeddable":true,"href":"https:\/\/alquimiaseresencia.com\/tienda\/wp-json\/wp\/v2\/comments?post=31261"}],"wp:featuredmedia":[{"embeddable":true,"href":"https:\/\/alquimiaseresencia.com\/tienda\/wp-json\/wp\/v2\/media\/31208"}],"wp:attachment":[{"href":"https:\/\/alquimiaseresencia.com\/tienda\/wp-json\/wp\/v2\/media?parent=31261"}],"wp:term":[{"taxonomy":"product_cat","embeddable":true,"href":"https:\/\/alquimiaseresencia.com\/tienda\/wp-json\/wp\/v2\/product_cat?post=31261"},{"taxonomy":"product_tag","embeddable":true,"href":"https:\/\/alquimiaseresencia.com\/tienda\/wp-json\/wp\/v2\/product_tag?post=31261"}],"curies":[{"name":"wp","href":"https:\/\/api.w.org\/{rel}","templated":true}]}}