{"id":9556,"date":"2023-04-26T21:50:21","date_gmt":"2023-04-27T02:50:21","guid":{"rendered":"https:\/\/alquimiaseresencia.com\/tienda\/?post_type=product&#038;p=9556"},"modified":"2023-05-23T22:43:49","modified_gmt":"2023-05-24T03:43:49","slug":"pulseras-con-cristales-31","status":"publish","type":"product","link":"https:\/\/alquimiaseresencia.com\/tienda\/producto\/pulseras-con-cristales-31\/","title":{"rendered":"CONECTA CON LA ABUNDANCIA Y PROSPERIDAD"},"content":{"rendered":"<p><strong>CORNALINA - AMATISTA - GRANATE - HEMATITE - SEMILLAS DE RUDRASKA<\/strong><\/p>\n<p>La abundancia no se refiere solo a aspectos econ\u00f3micos, tambi\u00e9n abarca relaciones, salud, amor, etc.. Esta combinaci\u00f3n poderosa de cristales te ayudar\u00e1 a elevar la energ\u00eda para conectarte con la ilimitada abundancia del Universo al recordar tu poder creador y manifestador.<\/p>\n<p><em>IMPORTANTE:<\/em> Por tratarse de piezas con cristales naturales pueden tener peque\u00f1as variaciones naturales con respecto a la fotograf\u00eda. El dije puede variar.<\/p>\n","protected":false},"excerpt":{"rendered":"<p>CORNALINA - AMATISTA - GRANATE - HEMATITE - SEMILLAS DE RUDRASKA La abundancia no se refiere solo a aspectos econ\u00f3micos, tambi\u00e9n abarca relaciones, salud, amor, etc.. Esta combinaci\u00f3n poderosa de cristales te ayudar\u00e1 a elevar la energ\u00eda para conectarte con la ilimitada abundancia del Universo al recordar tu poder creador y manifestador. IMPORTANTE: Por tratarse [&hellip;]<\/p>\n","protected":false},"featured_media":9552,"comment_status":"open","ping_status":"closed","template":"","meta":{"_seopress_robots_primary_cat":"","_seopress_titles_title":"","_seopress_titles_desc":"","_seopress_robots_index":"","_et_pb_use_builder":"","_et_pb_old_content":"","_et_gb_content_width":"","_joinchat":[]},"product_cat":[98],"product_tag":[],"class_list":{"0":"post-9556","1":"product","2":"type-product","3":"status-publish","4":"has-post-thumbnail","6":"product_cat-pulseras-con-cristales-cat-n","8":"first","9":"instock","10":"shipping-taxable","11":"purchasable","12":"product-type-variable"},"_links":{"self":[{"href":"https:\/\/alquimiaseresencia.com\/tienda\/wp-json\/wp\/v2\/product\/9556"}],"collection":[{"href":"https:\/\/alquimiaseresencia.com\/tienda\/wp-json\/wp\/v2\/product"}],"about":[{"href":"https:\/\/alquimiaseresencia.com\/tienda\/wp-json\/wp\/v2\/types\/product"}],"replies":[{"embeddable":true,"href":"https:\/\/alquimiaseresencia.com\/tienda\/wp-json\/wp\/v2\/comments?post=9556"}],"wp:featuredmedia":[{"embeddable":true,"href":"https:\/\/alquimiaseresencia.com\/tienda\/wp-json\/wp\/v2\/media\/9552"}],"wp:attachment":[{"href":"https:\/\/alquimiaseresencia.com\/tienda\/wp-json\/wp\/v2\/media?parent=9556"}],"wp:term":[{"taxonomy":"product_cat","embeddable":true,"href":"https:\/\/alquimiaseresencia.com\/tienda\/wp-json\/wp\/v2\/product_cat?post=9556"},{"taxonomy":"product_tag","embeddable":true,"href":"https:\/\/alquimiaseresencia.com\/tienda\/wp-json\/wp\/v2\/product_tag?post=9556"}],"curies":[{"name":"wp","href":"https:\/\/api.w.org\/{rel}","templated":true}]}}