{"id":9557,"date":"2023-04-26T21:28:21","date_gmt":"2023-04-27T02:28:21","guid":{"rendered":"https:\/\/alquimiaseresencia.com\/tienda\/?post_type=product&#038;p=9557"},"modified":"2023-05-23T22:44:36","modified_gmt":"2023-05-24T03:44:36","slug":"pulseras-con-cristales-30","status":"publish","type":"product","link":"https:\/\/alquimiaseresencia.com\/tienda\/producto\/pulseras-con-cristales-30\/","title":{"rendered":"CREA. ACTIVA SEGUNDO Y SEXTO CHAKRA"},"content":{"rendered":"<p><strong>AMATISTA - CORNALINA - FLUORITA - SEMILLAS DE RUDRASKA<\/strong><\/p>\n<p>El segundo chakra es el sacro o sexual, el sost\u00e9n de la vida, cuando est\u00e1 en balance estimula la creatividad y te ayuda a descubrir tu verdadera identidad. El sexto chakra, el tercer ojo, es el centro de la intuici\u00f3n y la integraci\u00f3n de los conceptos. Esta m\u00e1gica combinaci\u00f3n de cristales te ayudar\u00e1 a tener determinaci\u00f3n en la creaci\u00f3n de tus proyectos de vida as\u00ed como a activar tu poder de decisi\u00f3n.<\/p>\n<p><em>IMPORTANTE:<\/em> Por tratarse de piezas con cristales naturales pueden tener peque\u00f1as variaciones naturales con respecto a la fotograf\u00eda. El dije puede variar.<\/p>\n","protected":false},"excerpt":{"rendered":"<p>AMATISTA - CORNALINA - FLUORITA - SEMILLAS DE RUDRASKA El segundo chakra es el sacro o sexual, el sost\u00e9n de la vida, cuando est\u00e1 en balance estimula la creatividad y te ayuda a descubrir tu verdadera identidad. El sexto chakra, el tercer ojo, es el centro de la intuici\u00f3n y la integraci\u00f3n de los conceptos. [&hellip;]<\/p>\n","protected":false},"featured_media":9548,"comment_status":"open","ping_status":"closed","template":"","meta":{"_seopress_robots_primary_cat":"","_seopress_titles_title":"","_seopress_titles_desc":"","_seopress_robots_index":"","_et_pb_use_builder":"","_et_pb_old_content":"","_et_gb_content_width":"","_joinchat":[]},"product_cat":[98],"product_tag":[],"class_list":{"0":"post-9557","1":"product","2":"type-product","3":"status-publish","4":"has-post-thumbnail","6":"product_cat-pulseras-con-cristales-cat-n","8":"first","9":"instock","10":"shipping-taxable","11":"purchasable","12":"product-type-variable"},"_links":{"self":[{"href":"https:\/\/alquimiaseresencia.com\/tienda\/wp-json\/wp\/v2\/product\/9557"}],"collection":[{"href":"https:\/\/alquimiaseresencia.com\/tienda\/wp-json\/wp\/v2\/product"}],"about":[{"href":"https:\/\/alquimiaseresencia.com\/tienda\/wp-json\/wp\/v2\/types\/product"}],"replies":[{"embeddable":true,"href":"https:\/\/alquimiaseresencia.com\/tienda\/wp-json\/wp\/v2\/comments?post=9557"}],"wp:featuredmedia":[{"embeddable":true,"href":"https:\/\/alquimiaseresencia.com\/tienda\/wp-json\/wp\/v2\/media\/9548"}],"wp:attachment":[{"href":"https:\/\/alquimiaseresencia.com\/tienda\/wp-json\/wp\/v2\/media?parent=9557"}],"wp:term":[{"taxonomy":"product_cat","embeddable":true,"href":"https:\/\/alquimiaseresencia.com\/tienda\/wp-json\/wp\/v2\/product_cat?post=9557"},{"taxonomy":"product_tag","embeddable":true,"href":"https:\/\/alquimiaseresencia.com\/tienda\/wp-json\/wp\/v2\/product_tag?post=9557"}],"curies":[{"name":"wp","href":"https:\/\/api.w.org\/{rel}","templated":true}]}}