{"id":9558,"date":"2023-04-26T21:29:21","date_gmt":"2023-04-27T02:29:21","guid":{"rendered":"https:\/\/alquimiaseresencia.com\/tienda\/?post_type=product&#038;p=9558"},"modified":"2023-05-23T22:45:30","modified_gmt":"2023-05-24T03:45:30","slug":"pulseras-con-cristales-29","status":"publish","type":"product","link":"https:\/\/alquimiaseresencia.com\/tienda\/producto\/pulseras-con-cristales-29\/","title":{"rendered":"CONEXI\u00d3N CIELO - TIERRA. ACTIVA PRIMER Y S\u00c9PTIMO CHAKRA"},"content":{"rendered":"<p><strong>CUARZO CRISTAL - CUARZO AHUMADO - MADERA FOSILIZADA - SEMILLAS DE RUDRASKA<\/strong><\/p>\n<p>El primer chakra, el ra\u00edz, es la energ\u00eda de identidad, el enraizamiento, el sentido de estabilidad y pertenencia. El s\u00e9ptimo es el chakra de la coronilla que te permite la conexi\u00f3n con tu naturaleza espiritual, con tu verdadera esencia. Esta poderosa combinaci\u00f3n de cristales te ayudar\u00e1 en tu conexi\u00f3n con la energ\u00eda del cielo y de la tierra para manifestar tu prop\u00f3sito de vida a trav\u00e9s de tus dones \u00fanicos.<\/p>\n<p><em>IMPORTANTE:<\/em> Por tratarse de piezas con cristales naturales pueden tener peque\u00f1as variaciones naturales con respecto a la fotograf\u00eda. El dije puede variar.<\/p>\n","protected":false},"excerpt":{"rendered":"<p>CUARZO CRISTAL - CUARZO AHUMADO - MADERA FOSILIZADA - SEMILLAS DE RUDRASKA El primer chakra, el ra\u00edz, es la energ\u00eda de identidad, el enraizamiento, el sentido de estabilidad y pertenencia. El s\u00e9ptimo es el chakra de la coronilla que te permite la conexi\u00f3n con tu naturaleza espiritual, con tu verdadera esencia. Esta poderosa combinaci\u00f3n de [&hellip;]<\/p>\n","protected":false},"featured_media":9544,"comment_status":"open","ping_status":"closed","template":"","meta":{"_seopress_robots_primary_cat":"","_seopress_titles_title":"","_seopress_titles_desc":"","_seopress_robots_index":"","_et_pb_use_builder":"","_et_pb_old_content":"","_et_gb_content_width":"","_joinchat":[]},"product_cat":[98],"product_tag":[],"class_list":{"0":"post-9558","1":"product","2":"type-product","3":"status-publish","4":"has-post-thumbnail","6":"product_cat-pulseras-con-cristales-cat-n","8":"first","9":"instock","10":"shipping-taxable","11":"purchasable","12":"product-type-variable"},"_links":{"self":[{"href":"https:\/\/alquimiaseresencia.com\/tienda\/wp-json\/wp\/v2\/product\/9558"}],"collection":[{"href":"https:\/\/alquimiaseresencia.com\/tienda\/wp-json\/wp\/v2\/product"}],"about":[{"href":"https:\/\/alquimiaseresencia.com\/tienda\/wp-json\/wp\/v2\/types\/product"}],"replies":[{"embeddable":true,"href":"https:\/\/alquimiaseresencia.com\/tienda\/wp-json\/wp\/v2\/comments?post=9558"}],"wp:featuredmedia":[{"embeddable":true,"href":"https:\/\/alquimiaseresencia.com\/tienda\/wp-json\/wp\/v2\/media\/9544"}],"wp:attachment":[{"href":"https:\/\/alquimiaseresencia.com\/tienda\/wp-json\/wp\/v2\/media?parent=9558"}],"wp:term":[{"taxonomy":"product_cat","embeddable":true,"href":"https:\/\/alquimiaseresencia.com\/tienda\/wp-json\/wp\/v2\/product_cat?post=9558"},{"taxonomy":"product_tag","embeddable":true,"href":"https:\/\/alquimiaseresencia.com\/tienda\/wp-json\/wp\/v2\/product_tag?post=9558"}],"curies":[{"name":"wp","href":"https:\/\/api.w.org\/{rel}","templated":true}]}}