{"id":9560,"date":"2023-04-26T21:26:21","date_gmt":"2023-04-27T02:26:21","guid":{"rendered":"https:\/\/alquimiaseresencia.com\/tienda\/?post_type=product&#038;p=9560"},"modified":"2023-05-19T12:56:37","modified_gmt":"2023-05-19T17:56:37","slug":"pulseras-con-cristales-27","status":"publish","type":"product","link":"https:\/\/alquimiaseresencia.com\/tienda\/producto\/pulseras-con-cristales-27\/","title":{"rendered":"AMA. ACTIVA CUARTO CHARKA, CORAZ\u00d3N"},"content":{"rendered":"<p><strong>CUARZO ROSA - JADE LAVANDA - SEMILLAS DE RUDRASKA<\/strong><\/p>\n<p>El cuarto chakra, el del coraz\u00f3n, te permite estar centrado en la energ\u00eda del amor. Esta m\u00e1gica combinaci\u00f3n de cristales te ayudar\u00e1 a experimentar compasi\u00f3n, aceptaci\u00f3n por ti mismo, por los dem\u00e1s y por las situaciones que se presentan. Te permitir\u00e1 entrar en conexi\u00f3n con tu naturaleza, que es amor incondicional.<\/p>\n<p><em>IMPORTANTE:<\/em> Por tratarse de piezas con cristales naturales pueden tener peque\u00f1as variaciones naturales con respecto a la fotograf\u00eda. El dije puede variar.<\/p>\n","protected":false},"excerpt":{"rendered":"<p>CUARZO ROSA - JADE LAVANDA - SEMILLAS DE RUDRASKA El cuarto chakra, el del coraz\u00f3n, te permite estar centrado en la energ\u00eda del amor. Esta m\u00e1gica combinaci\u00f3n de cristales te ayudar\u00e1 a experimentar compasi\u00f3n, aceptaci\u00f3n por ti mismo, por los dem\u00e1s y por las situaciones que se presentan. Te permitir\u00e1 entrar en conexi\u00f3n con tu [&hellip;]<\/p>\n","protected":false},"featured_media":9536,"comment_status":"open","ping_status":"closed","template":"","meta":{"_seopress_robots_primary_cat":"","_seopress_titles_title":"","_seopress_titles_desc":"","_seopress_robots_index":"","_et_pb_use_builder":"","_et_pb_old_content":"","_et_gb_content_width":"","_joinchat":[]},"product_cat":[98],"product_tag":[],"class_list":{"0":"post-9560","1":"product","2":"type-product","3":"status-publish","4":"has-post-thumbnail","6":"product_cat-pulseras-con-cristales-cat-n","8":"first","9":"instock","10":"shipping-taxable","11":"purchasable","12":"product-type-variable"},"_links":{"self":[{"href":"https:\/\/alquimiaseresencia.com\/tienda\/wp-json\/wp\/v2\/product\/9560"}],"collection":[{"href":"https:\/\/alquimiaseresencia.com\/tienda\/wp-json\/wp\/v2\/product"}],"about":[{"href":"https:\/\/alquimiaseresencia.com\/tienda\/wp-json\/wp\/v2\/types\/product"}],"replies":[{"embeddable":true,"href":"https:\/\/alquimiaseresencia.com\/tienda\/wp-json\/wp\/v2\/comments?post=9560"}],"wp:featuredmedia":[{"embeddable":true,"href":"https:\/\/alquimiaseresencia.com\/tienda\/wp-json\/wp\/v2\/media\/9536"}],"wp:attachment":[{"href":"https:\/\/alquimiaseresencia.com\/tienda\/wp-json\/wp\/v2\/media?parent=9560"}],"wp:term":[{"taxonomy":"product_cat","embeddable":true,"href":"https:\/\/alquimiaseresencia.com\/tienda\/wp-json\/wp\/v2\/product_cat?post=9560"},{"taxonomy":"product_tag","embeddable":true,"href":"https:\/\/alquimiaseresencia.com\/tienda\/wp-json\/wp\/v2\/product_tag?post=9560"}],"curies":[{"name":"wp","href":"https:\/\/api.w.org\/{rel}","templated":true}]}}