{"id":9561,"date":"2023-04-26T20:45:22","date_gmt":"2023-04-27T01:45:22","guid":{"rendered":"https:\/\/alquimiaseresencia.com\/tienda\/?post_type=product&#038;p=9561"},"modified":"2023-05-23T22:32:40","modified_gmt":"2023-05-24T03:32:40","slug":"pulseras-con-cristales-26","status":"publish","type":"product","link":"https:\/\/alquimiaseresencia.com\/tienda\/producto\/pulseras-con-cristales-26\/","title":{"rendered":"ALINEA TU MENTE Y TU CORAZ\u00d3N"},"content":{"rendered":"<p><strong>\u00a0FLUORITA - JADE VERDE<\/strong><\/p>\n<p>Mantener la coherencia y el equilibrio entre lo que piensas, sientes y expresas es un gran reto. La combinaci\u00f3n maravillosa de estos cristales te ayudar\u00e1 a tener mayor consciencia de tus pensamientos y de las palabras que te dices d\u00eda a d\u00eda para observar si vienen del amor o de su energ\u00eda opuesta que es el miedo, y con ello, generar mayor armon\u00eda y coherencia en tu vida.<\/p>\n<p><em>IMPORTANTE:<\/em> Por tratarse de piezas con cristales naturales pueden tener peque\u00f1as variaciones naturales con respecto a la fotograf\u00eda. El dije puede variar.<\/p>\n","protected":false},"excerpt":{"rendered":"<p>\u00a0FLUORITA - JADE VERDE Mantener la coherencia y el equilibrio entre lo que piensas, sientes y expresas es un gran reto. La combinaci\u00f3n maravillosa de estos cristales te ayudar\u00e1 a tener mayor consciencia de tus pensamientos y de las palabras que te dices d\u00eda a d\u00eda para observar si vienen del amor o de su [&hellip;]<\/p>\n","protected":false},"featured_media":9532,"comment_status":"open","ping_status":"closed","template":"","meta":{"_seopress_robots_primary_cat":"","_seopress_titles_title":"","_seopress_titles_desc":"","_seopress_robots_index":"","_et_pb_use_builder":"","_et_pb_old_content":"","_et_gb_content_width":"","_joinchat":[]},"product_cat":[98],"product_tag":[],"class_list":{"0":"post-9561","1":"product","2":"type-product","3":"status-publish","4":"has-post-thumbnail","6":"product_cat-pulseras-con-cristales-cat-n","8":"first","9":"instock","10":"shipping-taxable","11":"purchasable","12":"product-type-variable"},"_links":{"self":[{"href":"https:\/\/alquimiaseresencia.com\/tienda\/wp-json\/wp\/v2\/product\/9561"}],"collection":[{"href":"https:\/\/alquimiaseresencia.com\/tienda\/wp-json\/wp\/v2\/product"}],"about":[{"href":"https:\/\/alquimiaseresencia.com\/tienda\/wp-json\/wp\/v2\/types\/product"}],"replies":[{"embeddable":true,"href":"https:\/\/alquimiaseresencia.com\/tienda\/wp-json\/wp\/v2\/comments?post=9561"}],"wp:featuredmedia":[{"embeddable":true,"href":"https:\/\/alquimiaseresencia.com\/tienda\/wp-json\/wp\/v2\/media\/9532"}],"wp:attachment":[{"href":"https:\/\/alquimiaseresencia.com\/tienda\/wp-json\/wp\/v2\/media?parent=9561"}],"wp:term":[{"taxonomy":"product_cat","embeddable":true,"href":"https:\/\/alquimiaseresencia.com\/tienda\/wp-json\/wp\/v2\/product_cat?post=9561"},{"taxonomy":"product_tag","embeddable":true,"href":"https:\/\/alquimiaseresencia.com\/tienda\/wp-json\/wp\/v2\/product_tag?post=9561"}],"curies":[{"name":"wp","href":"https:\/\/api.w.org\/{rel}","templated":true}]}}