{"id":9563,"date":"2023-04-26T20:35:22","date_gmt":"2023-04-27T01:35:22","guid":{"rendered":"https:\/\/alquimiaseresencia.com\/tienda\/?post_type=product&#038;p=9563"},"modified":"2023-05-19T12:57:04","modified_gmt":"2023-05-19T17:57:04","slug":"pulseras-con-cristales-24","status":"publish","type":"product","link":"https:\/\/alquimiaseresencia.com\/tienda\/producto\/pulseras-con-cristales-24\/","title":{"rendered":"ENCUENTRA EQUILIBRIO MENTAL Y EMOCIONAL"},"content":{"rendered":"<p><strong>ONIX - AVENTURINA<\/strong><\/p>\n<p>A veces necesitas un impulso para tener una visi\u00f3n m\u00e1s positiva de la vida. Esta poderosa combinaci\u00f3n de cristales te ayudar\u00e1 a experimentar tranquilidad mental y emocional para tomar consciencia de todo tu potencial y las opciones que el Universo tiene disponibles para ti.<\/p>\n<p><em>IMPORTANTE:<\/em> Por tratarse de piezas con cristales naturales pueden tener peque\u00f1as variaciones naturales con respecto a la fotograf\u00eda. El dije puede variar.<\/p>\n","protected":false},"excerpt":{"rendered":"<p>ONIX - AVENTURINA A veces necesitas un impulso para tener una visi\u00f3n m\u00e1s positiva de la vida. Esta poderosa combinaci\u00f3n de cristales te ayudar\u00e1 a experimentar tranquilidad mental y emocional para tomar consciencia de todo tu potencial y las opciones que el Universo tiene disponibles para ti. IMPORTANTE: Por tratarse de piezas con cristales naturales [&hellip;]<\/p>\n","protected":false},"featured_media":9524,"comment_status":"open","ping_status":"closed","template":"","meta":{"_seopress_robots_primary_cat":"","_seopress_titles_title":"","_seopress_titles_desc":"","_seopress_robots_index":"","_et_pb_use_builder":"","_et_pb_old_content":"","_et_gb_content_width":"","_joinchat":[]},"product_cat":[98],"product_tag":[],"class_list":{"0":"post-9563","1":"product","2":"type-product","3":"status-publish","4":"has-post-thumbnail","6":"product_cat-pulseras-con-cristales-cat-n","8":"first","9":"instock","10":"shipping-taxable","11":"purchasable","12":"product-type-variable"},"_links":{"self":[{"href":"https:\/\/alquimiaseresencia.com\/tienda\/wp-json\/wp\/v2\/product\/9563"}],"collection":[{"href":"https:\/\/alquimiaseresencia.com\/tienda\/wp-json\/wp\/v2\/product"}],"about":[{"href":"https:\/\/alquimiaseresencia.com\/tienda\/wp-json\/wp\/v2\/types\/product"}],"replies":[{"embeddable":true,"href":"https:\/\/alquimiaseresencia.com\/tienda\/wp-json\/wp\/v2\/comments?post=9563"}],"wp:featuredmedia":[{"embeddable":true,"href":"https:\/\/alquimiaseresencia.com\/tienda\/wp-json\/wp\/v2\/media\/9524"}],"wp:attachment":[{"href":"https:\/\/alquimiaseresencia.com\/tienda\/wp-json\/wp\/v2\/media?parent=9563"}],"wp:term":[{"taxonomy":"product_cat","embeddable":true,"href":"https:\/\/alquimiaseresencia.com\/tienda\/wp-json\/wp\/v2\/product_cat?post=9563"},{"taxonomy":"product_tag","embeddable":true,"href":"https:\/\/alquimiaseresencia.com\/tienda\/wp-json\/wp\/v2\/product_tag?post=9563"}],"curies":[{"name":"wp","href":"https:\/\/api.w.org\/{rel}","templated":true}]}}