{"id":9564,"date":"2023-04-26T22:00:22","date_gmt":"2023-04-27T03:00:22","guid":{"rendered":"https:\/\/alquimiaseresencia.com\/tienda\/?post_type=product&#038;p=9564"},"modified":"2023-05-23T22:30:42","modified_gmt":"2023-05-24T03:30:42","slug":"pulseras-con-cristales-23","status":"publish","type":"product","link":"https:\/\/alquimiaseresencia.com\/tienda\/producto\/pulseras-con-cristales-23\/","title":{"rendered":"PROTEGE TU ESPACIO ENERG\u00c9TICO"},"content":{"rendered":"<p><strong>TURMALINA NEGRA - OBSIDIANA - AMATISTA<\/strong><\/p>\n<p>Cada persona cuenta con un espacio energ\u00e9tico que debe ser protegido. Esta combinaci\u00f3n poderosa de cristales te ayudar\u00e1 a liberar de tu espacio energ\u00edas que no te generen bienestar y as\u00ed sentirte en mayor equilibrio f\u00edsico, mental y emocional. Adem\u00e1s te apoyar\u00e1 para permanecer en armon\u00eda con tu entorno.<\/p>\n<p><em>IMPORTANTE:<\/em> Por tratarse de piezas con cristales naturales pueden tener peque\u00f1as variaciones naturales con respecto a la fotograf\u00eda. El dije puede variar.<\/p>\n","protected":false},"excerpt":{"rendered":"<p>TURMALINA NEGRA - OBSIDIANA - AMATISTA Cada persona cuenta con un espacio energ\u00e9tico que debe ser protegido. Esta combinaci\u00f3n poderosa de cristales te ayudar\u00e1 a liberar de tu espacio energ\u00edas que no te generen bienestar y as\u00ed sentirte en mayor equilibrio f\u00edsico, mental y emocional. Adem\u00e1s te apoyar\u00e1 para permanecer en armon\u00eda con tu entorno. [&hellip;]<\/p>\n","protected":false},"featured_media":9520,"comment_status":"open","ping_status":"closed","template":"","meta":{"_seopress_robots_primary_cat":"","_seopress_titles_title":"","_seopress_titles_desc":"","_seopress_robots_index":"","_et_pb_use_builder":"","_et_pb_old_content":"","_et_gb_content_width":"","_joinchat":[]},"product_cat":[98],"product_tag":[],"class_list":{"0":"post-9564","1":"product","2":"type-product","3":"status-publish","4":"has-post-thumbnail","6":"product_cat-pulseras-con-cristales-cat-n","8":"first","9":"instock","10":"shipping-taxable","11":"purchasable","12":"product-type-variable"},"_links":{"self":[{"href":"https:\/\/alquimiaseresencia.com\/tienda\/wp-json\/wp\/v2\/product\/9564"}],"collection":[{"href":"https:\/\/alquimiaseresencia.com\/tienda\/wp-json\/wp\/v2\/product"}],"about":[{"href":"https:\/\/alquimiaseresencia.com\/tienda\/wp-json\/wp\/v2\/types\/product"}],"replies":[{"embeddable":true,"href":"https:\/\/alquimiaseresencia.com\/tienda\/wp-json\/wp\/v2\/comments?post=9564"}],"wp:featuredmedia":[{"embeddable":true,"href":"https:\/\/alquimiaseresencia.com\/tienda\/wp-json\/wp\/v2\/media\/9520"}],"wp:attachment":[{"href":"https:\/\/alquimiaseresencia.com\/tienda\/wp-json\/wp\/v2\/media?parent=9564"}],"wp:term":[{"taxonomy":"product_cat","embeddable":true,"href":"https:\/\/alquimiaseresencia.com\/tienda\/wp-json\/wp\/v2\/product_cat?post=9564"},{"taxonomy":"product_tag","embeddable":true,"href":"https:\/\/alquimiaseresencia.com\/tienda\/wp-json\/wp\/v2\/product_tag?post=9564"}],"curies":[{"name":"wp","href":"https:\/\/api.w.org\/{rel}","templated":true}]}}