{"id":9567,"date":"2023-04-26T21:00:22","date_gmt":"2023-04-27T02:00:22","guid":{"rendered":"https:\/\/alquimiaseresencia.com\/tienda\/?post_type=product&#038;p=9567"},"modified":"2023-05-23T22:27:27","modified_gmt":"2023-05-24T03:27:27","slug":"pulseras-con-cristales-20","status":"publish","type":"product","link":"https:\/\/alquimiaseresencia.com\/tienda\/producto\/pulseras-con-cristales-20\/","title":{"rendered":"RECUERDA EL AMOR QUE ERES"},"content":{"rendered":"<p><strong>TURMALINA BICOLOR - RODONITA - CUARZO ROSA<\/strong><\/p>\n<p>Cuando te expresas desde el amor por ti mismo permites que el Universo se exprese a trav\u00e9s de ti. La combinaci\u00f3n de estos cristales te ayudar\u00e1 a conectar con tu coraz\u00f3n energ\u00e9tico, liberando emociones reprimidas y permiti\u00e9ndote que brille tu verdadero \"YO\".<\/p>\n<p><em>IMPORTANTE:<\/em> Por tratarse de piezas con cristales naturales pueden tener peque\u00f1as variaciones naturales con respecto a la fotograf\u00eda. El dije puede variar.<\/p>\n","protected":false},"excerpt":{"rendered":"<p>TURMALINA BICOLOR - RODONITA - CUARZO ROSA Cuando te expresas desde el amor por ti mismo permites que el Universo se exprese a trav\u00e9s de ti. La combinaci\u00f3n de estos cristales te ayudar\u00e1 a conectar con tu coraz\u00f3n energ\u00e9tico, liberando emociones reprimidas y permiti\u00e9ndote que brille tu verdadero \"YO\". IMPORTANTE: Por tratarse de piezas con [&hellip;]<\/p>\n","protected":false},"featured_media":9508,"comment_status":"open","ping_status":"closed","template":"","meta":{"_seopress_robots_primary_cat":"","_seopress_titles_title":"","_seopress_titles_desc":"","_seopress_robots_index":"","_et_pb_use_builder":"","_et_pb_old_content":"","_et_gb_content_width":"","_joinchat":[]},"product_cat":[98],"product_tag":[],"class_list":{"0":"post-9567","1":"product","2":"type-product","3":"status-publish","4":"has-post-thumbnail","6":"product_cat-pulseras-con-cristales-cat-n","8":"first","9":"instock","10":"shipping-taxable","11":"purchasable","12":"product-type-variable"},"_links":{"self":[{"href":"https:\/\/alquimiaseresencia.com\/tienda\/wp-json\/wp\/v2\/product\/9567"}],"collection":[{"href":"https:\/\/alquimiaseresencia.com\/tienda\/wp-json\/wp\/v2\/product"}],"about":[{"href":"https:\/\/alquimiaseresencia.com\/tienda\/wp-json\/wp\/v2\/types\/product"}],"replies":[{"embeddable":true,"href":"https:\/\/alquimiaseresencia.com\/tienda\/wp-json\/wp\/v2\/comments?post=9567"}],"wp:featuredmedia":[{"embeddable":true,"href":"https:\/\/alquimiaseresencia.com\/tienda\/wp-json\/wp\/v2\/media\/9508"}],"wp:attachment":[{"href":"https:\/\/alquimiaseresencia.com\/tienda\/wp-json\/wp\/v2\/media?parent=9567"}],"wp:term":[{"taxonomy":"product_cat","embeddable":true,"href":"https:\/\/alquimiaseresencia.com\/tienda\/wp-json\/wp\/v2\/product_cat?post=9567"},{"taxonomy":"product_tag","embeddable":true,"href":"https:\/\/alquimiaseresencia.com\/tienda\/wp-json\/wp\/v2\/product_tag?post=9567"}],"curies":[{"name":"wp","href":"https:\/\/api.w.org\/{rel}","templated":true}]}}