{"id":9571,"date":"2023-04-26T21:20:22","date_gmt":"2023-04-27T02:20:22","guid":{"rendered":"https:\/\/alquimiaseresencia.com\/tienda\/?post_type=product&#038;p=9571"},"modified":"2023-05-23T22:34:11","modified_gmt":"2023-05-24T03:34:11","slug":"pulseras-con-cristales-16","status":"publish","type":"product","link":"https:\/\/alquimiaseresencia.com\/tienda\/producto\/pulseras-con-cristales-16\/","title":{"rendered":"MANT\u00c9N PENSAMIENTOS POSITIVOS"},"content":{"rendered":"<p><strong>FLUORITA - ONYX - CUARZO AHUMADO - AVENTURINA<\/strong><\/p>\n<p>Si lo que necesitas es poner tu mente en positivo y confiar en el camino que has recorrido, esta combinaci\u00f3n de cristales es para ti pues te servir\u00e1 para liberar energ\u00edas densas y disipar las tensiones que te generan ansiedad. Adem\u00e1s, te ayudar\u00e1 a discernir en el momento de tomar una decisi\u00f3n.<\/p>\n<p><em>IMPORTANTE:<\/em> Por tratarse de piezas con cristales naturales pueden tener peque\u00f1as variaciones naturales con respecto a la fotograf\u00eda. El dije puede variar.<\/p>\n","protected":false},"excerpt":{"rendered":"<p>FLUORITA - ONYX - CUARZO AHUMADO - AVENTURINA Si lo que necesitas es poner tu mente en positivo y confiar en el camino que has recorrido, esta combinaci\u00f3n de cristales es para ti pues te servir\u00e1 para liberar energ\u00edas densas y disipar las tensiones que te generan ansiedad. Adem\u00e1s, te ayudar\u00e1 a discernir en el [&hellip;]<\/p>\n","protected":false},"featured_media":9492,"comment_status":"open","ping_status":"closed","template":"","meta":{"_seopress_robots_primary_cat":"","_seopress_titles_title":"","_seopress_titles_desc":"","_seopress_robots_index":"","_et_pb_use_builder":"","_et_pb_old_content":"","_et_gb_content_width":"","_joinchat":[]},"product_cat":[98],"product_tag":[],"class_list":{"0":"post-9571","1":"product","2":"type-product","3":"status-publish","4":"has-post-thumbnail","6":"product_cat-pulseras-con-cristales-cat-n","8":"first","9":"instock","10":"shipping-taxable","11":"purchasable","12":"product-type-variable"},"_links":{"self":[{"href":"https:\/\/alquimiaseresencia.com\/tienda\/wp-json\/wp\/v2\/product\/9571"}],"collection":[{"href":"https:\/\/alquimiaseresencia.com\/tienda\/wp-json\/wp\/v2\/product"}],"about":[{"href":"https:\/\/alquimiaseresencia.com\/tienda\/wp-json\/wp\/v2\/types\/product"}],"replies":[{"embeddable":true,"href":"https:\/\/alquimiaseresencia.com\/tienda\/wp-json\/wp\/v2\/comments?post=9571"}],"wp:featuredmedia":[{"embeddable":true,"href":"https:\/\/alquimiaseresencia.com\/tienda\/wp-json\/wp\/v2\/media\/9492"}],"wp:attachment":[{"href":"https:\/\/alquimiaseresencia.com\/tienda\/wp-json\/wp\/v2\/media?parent=9571"}],"wp:term":[{"taxonomy":"product_cat","embeddable":true,"href":"https:\/\/alquimiaseresencia.com\/tienda\/wp-json\/wp\/v2\/product_cat?post=9571"},{"taxonomy":"product_tag","embeddable":true,"href":"https:\/\/alquimiaseresencia.com\/tienda\/wp-json\/wp\/v2\/product_tag?post=9571"}],"curies":[{"name":"wp","href":"https:\/\/api.w.org\/{rel}","templated":true}]}}