{"id":9572,"date":"2023-04-26T21:40:22","date_gmt":"2023-04-27T02:40:22","guid":{"rendered":"https:\/\/alquimiaseresencia.com\/tienda\/?post_type=product&#038;p=9572"},"modified":"2023-05-23T22:35:00","modified_gmt":"2023-05-24T03:35:00","slug":"pulseras-con-cristales-15","status":"publish","type":"product","link":"https:\/\/alquimiaseresencia.com\/tienda\/producto\/pulseras-con-cristales-15\/","title":{"rendered":"DESPIERTA TU INTUICI\u00d3N"},"content":{"rendered":"<p><strong>AMATISTA - PIEDRA DEL SOL - SODALITA<\/strong><\/p>\n<p>\u00bfSabias que siempre que est\u00e9s dispuesto puedes escuchar el susurro de tu alma?. La combinaci\u00f3n de estas cristales te permite armonizar la mente con el coraz\u00f3n. Te ayuda a reconocer los pensamientos que no son \u00fatiles purificando y calmando tu mente para que puedas conectarte con tu sexto sentido, tu intuici\u00f3n.<\/p>\n<p><em>IMPORTANTE:<\/em> Por tratarse de piezas con cristales naturales pueden tener peque\u00f1as variaciones naturales con respecto a la fotograf\u00eda. El dije puede variar.<\/p>\n","protected":false},"excerpt":{"rendered":"<p>AMATISTA - PIEDRA DEL SOL - SODALITA \u00bfSabias que siempre que est\u00e9s dispuesto puedes escuchar el susurro de tu alma?. La combinaci\u00f3n de estas cristales te permite armonizar la mente con el coraz\u00f3n. Te ayuda a reconocer los pensamientos que no son \u00fatiles purificando y calmando tu mente para que puedas conectarte con tu sexto [&hellip;]<\/p>\n","protected":false},"featured_media":9488,"comment_status":"open","ping_status":"closed","template":"","meta":{"_seopress_robots_primary_cat":"","_seopress_titles_title":"","_seopress_titles_desc":"","_seopress_robots_index":"","_et_pb_use_builder":"","_et_pb_old_content":"","_et_gb_content_width":"","_joinchat":[]},"product_cat":[98],"product_tag":[],"class_list":{"0":"post-9572","1":"product","2":"type-product","3":"status-publish","4":"has-post-thumbnail","6":"product_cat-pulseras-con-cristales-cat-n","8":"first","9":"instock","10":"shipping-taxable","11":"purchasable","12":"product-type-variable"},"_links":{"self":[{"href":"https:\/\/alquimiaseresencia.com\/tienda\/wp-json\/wp\/v2\/product\/9572"}],"collection":[{"href":"https:\/\/alquimiaseresencia.com\/tienda\/wp-json\/wp\/v2\/product"}],"about":[{"href":"https:\/\/alquimiaseresencia.com\/tienda\/wp-json\/wp\/v2\/types\/product"}],"replies":[{"embeddable":true,"href":"https:\/\/alquimiaseresencia.com\/tienda\/wp-json\/wp\/v2\/comments?post=9572"}],"wp:featuredmedia":[{"embeddable":true,"href":"https:\/\/alquimiaseresencia.com\/tienda\/wp-json\/wp\/v2\/media\/9488"}],"wp:attachment":[{"href":"https:\/\/alquimiaseresencia.com\/tienda\/wp-json\/wp\/v2\/media?parent=9572"}],"wp:term":[{"taxonomy":"product_cat","embeddable":true,"href":"https:\/\/alquimiaseresencia.com\/tienda\/wp-json\/wp\/v2\/product_cat?post=9572"},{"taxonomy":"product_tag","embeddable":true,"href":"https:\/\/alquimiaseresencia.com\/tienda\/wp-json\/wp\/v2\/product_tag?post=9572"}],"curies":[{"name":"wp","href":"https:\/\/api.w.org\/{rel}","templated":true}]}}