{"id":9575,"date":"2023-04-26T23:47:22","date_gmt":"2023-04-27T04:47:22","guid":{"rendered":"https:\/\/alquimiaseresencia.com\/tienda\/?post_type=product&#038;p=9575"},"modified":"2023-05-19T12:55:50","modified_gmt":"2023-05-19T17:55:50","slug":"pulseras-con-cristales-12","status":"publish","type":"product","link":"https:\/\/alquimiaseresencia.com\/tienda\/producto\/pulseras-con-cristales-12\/","title":{"rendered":"CON\u00c9CTATE CON LA GU\u00cdA DEL ARC\u00c1NGEL RAFAEL - EQUILIBRIO Y SANACI\u00d3N"},"content":{"rendered":"<p><strong>FLUORITA - JADE VERDE - UNAKITA<\/strong><\/p>\n<p>Rafael significa \"el que sana\". El Arc\u00e1ngel Rafael es un poderoso sanador para los seres humanos y animales. Est\u00e1 maravillosa combinaci\u00f3n de cristales junto con la energ\u00eda de este arc\u00e1ngel, tendr\u00e1 un efecto reconfortante que te acompa\u00f1ar\u00e1 en tu trabajo interior de sanaci\u00f3n a nivel f\u00edsico y tambi\u00e9n a nivel emocional y mental inspir\u00e1ndote a hacer los cambios que necesites para experimentar armon\u00eda.<\/p>\n<p><em>IMPORTANTE:<\/em> Por tratarse de piezas con cristales naturales pueden tener peque\u00f1as variaciones naturales con respecto a la fotograf\u00eda. El dije puede variar.<\/p>\n","protected":false},"excerpt":{"rendered":"<p>FLUORITA - JADE VERDE - UNAKITA Rafael significa \"el que sana\". El Arc\u00e1ngel Rafael es un poderoso sanador para los seres humanos y animales. Est\u00e1 maravillosa combinaci\u00f3n de cristales junto con la energ\u00eda de este arc\u00e1ngel, tendr\u00e1 un efecto reconfortante que te acompa\u00f1ar\u00e1 en tu trabajo interior de sanaci\u00f3n a nivel f\u00edsico y tambi\u00e9n a [&hellip;]<\/p>\n","protected":false},"featured_media":9476,"comment_status":"open","ping_status":"closed","template":"","meta":{"_seopress_robots_primary_cat":"","_seopress_titles_title":"","_seopress_titles_desc":"","_seopress_robots_index":"","_et_pb_use_builder":"","_et_pb_old_content":"","_et_gb_content_width":"","_joinchat":[]},"product_cat":[98],"product_tag":[],"class_list":{"0":"post-9575","1":"product","2":"type-product","3":"status-publish","4":"has-post-thumbnail","6":"product_cat-pulseras-con-cristales-cat-n","8":"first","9":"instock","10":"shipping-taxable","11":"purchasable","12":"product-type-variable"},"_links":{"self":[{"href":"https:\/\/alquimiaseresencia.com\/tienda\/wp-json\/wp\/v2\/product\/9575"}],"collection":[{"href":"https:\/\/alquimiaseresencia.com\/tienda\/wp-json\/wp\/v2\/product"}],"about":[{"href":"https:\/\/alquimiaseresencia.com\/tienda\/wp-json\/wp\/v2\/types\/product"}],"replies":[{"embeddable":true,"href":"https:\/\/alquimiaseresencia.com\/tienda\/wp-json\/wp\/v2\/comments?post=9575"}],"wp:featuredmedia":[{"embeddable":true,"href":"https:\/\/alquimiaseresencia.com\/tienda\/wp-json\/wp\/v2\/media\/9476"}],"wp:attachment":[{"href":"https:\/\/alquimiaseresencia.com\/tienda\/wp-json\/wp\/v2\/media?parent=9575"}],"wp:term":[{"taxonomy":"product_cat","embeddable":true,"href":"https:\/\/alquimiaseresencia.com\/tienda\/wp-json\/wp\/v2\/product_cat?post=9575"},{"taxonomy":"product_tag","embeddable":true,"href":"https:\/\/alquimiaseresencia.com\/tienda\/wp-json\/wp\/v2\/product_tag?post=9575"}],"curies":[{"name":"wp","href":"https:\/\/api.w.org\/{rel}","templated":true}]}}