{"id":9576,"date":"2023-04-26T23:50:22","date_gmt":"2023-04-27T04:50:22","guid":{"rendered":"https:\/\/alquimiaseresencia.com\/tienda\/?post_type=product&#038;p=9576"},"modified":"2023-05-23T22:42:16","modified_gmt":"2023-05-24T03:42:16","slug":"pulseras-con-cristales-11","status":"publish","type":"product","link":"https:\/\/alquimiaseresencia.com\/tienda\/producto\/pulseras-con-cristales-11\/","title":{"rendered":"CON\u00c9CTATE CON LA GU\u00cdA DEL ARC\u00c1NGEL MIGUEL - VALOR Y PROTECCI\u00d3N"},"content":{"rendered":"<p><strong>LARIMAR - SODALITA - OBSIDIANA<\/strong><\/p>\n<p>Miguel significa \"el que es como Dios\". El Arc\u00e1ngel Miguel te proporciona confianza y seguridad en ti mismo y junto a esta combinaci\u00f3n de cristales te ayudar\u00e1 a ir soltando paso a paso los miedos y la ansiedad para que tu coraz\u00f3n entre en armon\u00eda con tu mente y experimentes fluidez.<\/p>\n<p><em>IMPORTANTE:<\/em> Por tratarse de piezas con cristales naturales pueden tener peque\u00f1as variaciones naturales con respecto a la fotograf\u00eda. El dije puede variar.<\/p>\n","protected":false},"excerpt":{"rendered":"<p>LARIMAR - SODALITA - OBSIDIANA Miguel significa \"el que es como Dios\". El Arc\u00e1ngel Miguel te proporciona confianza y seguridad en ti mismo y junto a esta combinaci\u00f3n de cristales te ayudar\u00e1 a ir soltando paso a paso los miedos y la ansiedad para que tu coraz\u00f3n entre en armon\u00eda con tu mente y experimentes [&hellip;]<\/p>\n","protected":false},"featured_media":9472,"comment_status":"open","ping_status":"closed","template":"","meta":{"_seopress_robots_primary_cat":"","_seopress_titles_title":"","_seopress_titles_desc":"","_seopress_robots_index":"","_et_pb_use_builder":"","_et_pb_old_content":"","_et_gb_content_width":"","_joinchat":[]},"product_cat":[98],"product_tag":[],"class_list":{"0":"post-9576","1":"product","2":"type-product","3":"status-publish","4":"has-post-thumbnail","6":"product_cat-pulseras-con-cristales-cat-n","8":"first","9":"instock","10":"shipping-taxable","11":"purchasable","12":"product-type-variable"},"_links":{"self":[{"href":"https:\/\/alquimiaseresencia.com\/tienda\/wp-json\/wp\/v2\/product\/9576"}],"collection":[{"href":"https:\/\/alquimiaseresencia.com\/tienda\/wp-json\/wp\/v2\/product"}],"about":[{"href":"https:\/\/alquimiaseresencia.com\/tienda\/wp-json\/wp\/v2\/types\/product"}],"replies":[{"embeddable":true,"href":"https:\/\/alquimiaseresencia.com\/tienda\/wp-json\/wp\/v2\/comments?post=9576"}],"wp:featuredmedia":[{"embeddable":true,"href":"https:\/\/alquimiaseresencia.com\/tienda\/wp-json\/wp\/v2\/media\/9472"}],"wp:attachment":[{"href":"https:\/\/alquimiaseresencia.com\/tienda\/wp-json\/wp\/v2\/media?parent=9576"}],"wp:term":[{"taxonomy":"product_cat","embeddable":true,"href":"https:\/\/alquimiaseresencia.com\/tienda\/wp-json\/wp\/v2\/product_cat?post=9576"},{"taxonomy":"product_tag","embeddable":true,"href":"https:\/\/alquimiaseresencia.com\/tienda\/wp-json\/wp\/v2\/product_tag?post=9576"}],"curies":[{"name":"wp","href":"https:\/\/api.w.org\/{rel}","templated":true}]}}