{"id":9577,"date":"2023-04-26T23:42:22","date_gmt":"2023-04-27T04:42:22","guid":{"rendered":"https:\/\/alquimiaseresencia.com\/tienda\/?post_type=product&#038;p=9577"},"modified":"2023-12-16T11:05:03","modified_gmt":"2023-12-16T16:05:03","slug":"pulseras-con-cristales-10","status":"publish","type":"product","link":"https:\/\/alquimiaseresencia.com\/tienda\/producto\/pulseras-con-cristales-10\/","title":{"rendered":"CON\u00c9CTATE CON LA GU\u00cdA DEL ARC\u00c1NGEL ZADQUIEL - LIBERTAD Y PERD\u00d3N"},"content":{"rendered":"<p><strong>TANZANITA - AMATISTA - CUARZO AZUL<\/strong><\/p>\n<p><span class=\"OYPEnA text-decoration-none text-strikethrough-none\">Zadquiel significa \"justicia de Dios\". Es el arc\u00e1ngel del perd\u00f3n y la compasi\u00f3n y junto a esta maravillosa combinaci\u00f3n de cristales te ayudar\u00e1 a sentir mayor compasi\u00f3n por ti y por los dem\u00e1s, a no juzgarte recordando que est\u00e1s viviendo una experiencia aqu\u00ed en la Tierra y que cada reto es una elecci\u00f3n de tu alma para crecer y expandirse.<\/span><\/p>\n<p><em>IMPORTANTE:<\/em> Por tratarse de piezas con cristales naturales pueden tener peque\u00f1as variaciones naturales con respecto a la fotograf\u00eda. El dije puede variar.<\/p>\n","protected":false},"excerpt":{"rendered":"<p>TANZANITA - AMATISTA - CUARZO AZUL Zadquiel significa \"justicia de Dios\". Es el arc\u00e1ngel del perd\u00f3n y la compasi\u00f3n y junto a esta maravillosa combinaci\u00f3n de cristales te ayudar\u00e1 a sentir mayor compasi\u00f3n por ti y por los dem\u00e1s, a no juzgarte recordando que est\u00e1s viviendo una experiencia aqu\u00ed en la Tierra y que cada [&hellip;]<\/p>\n","protected":false},"featured_media":9468,"comment_status":"open","ping_status":"closed","template":"","meta":{"_seopress_robots_primary_cat":"none","_seopress_titles_title":"","_seopress_titles_desc":"","_seopress_robots_index":"","_et_pb_use_builder":"","_et_pb_old_content":"","_et_gb_content_width":"","_joinchat":[]},"product_cat":[98],"product_tag":[],"class_list":{"0":"post-9577","1":"product","2":"type-product","3":"status-publish","4":"has-post-thumbnail","6":"product_cat-pulseras-con-cristales-cat-n","8":"first","9":"instock","10":"shipping-taxable","11":"purchasable","12":"product-type-variable"},"_links":{"self":[{"href":"https:\/\/alquimiaseresencia.com\/tienda\/wp-json\/wp\/v2\/product\/9577"}],"collection":[{"href":"https:\/\/alquimiaseresencia.com\/tienda\/wp-json\/wp\/v2\/product"}],"about":[{"href":"https:\/\/alquimiaseresencia.com\/tienda\/wp-json\/wp\/v2\/types\/product"}],"replies":[{"embeddable":true,"href":"https:\/\/alquimiaseresencia.com\/tienda\/wp-json\/wp\/v2\/comments?post=9577"}],"wp:featuredmedia":[{"embeddable":true,"href":"https:\/\/alquimiaseresencia.com\/tienda\/wp-json\/wp\/v2\/media\/9468"}],"wp:attachment":[{"href":"https:\/\/alquimiaseresencia.com\/tienda\/wp-json\/wp\/v2\/media?parent=9577"}],"wp:term":[{"taxonomy":"product_cat","embeddable":true,"href":"https:\/\/alquimiaseresencia.com\/tienda\/wp-json\/wp\/v2\/product_cat?post=9577"},{"taxonomy":"product_tag","embeddable":true,"href":"https:\/\/alquimiaseresencia.com\/tienda\/wp-json\/wp\/v2\/product_tag?post=9577"}],"curies":[{"name":"wp","href":"https:\/\/api.w.org\/{rel}","templated":true}]}}