{"id":9578,"date":"2023-04-26T21:25:22","date_gmt":"2023-04-27T02:25:22","guid":{"rendered":"https:\/\/alquimiaseresencia.com\/tienda\/?post_type=product&#038;p=9578"},"modified":"2023-05-23T22:40:17","modified_gmt":"2023-05-24T03:40:17","slug":"pulseras-con-cristales-9","status":"publish","type":"product","link":"https:\/\/alquimiaseresencia.com\/tienda\/producto\/pulseras-con-cristales-9\/","title":{"rendered":"RECON\u00d3CETE ABUNDANTE"},"content":{"rendered":"<p><strong>CITRINO - GRANATE<\/strong><\/p>\n<p>El poder de manifestar abundancia reside en cambiar las creencias implantadas a lo largo de tu vida. Esta maravillosa combinaci\u00f3n de cristales te ayudar\u00e1 a ser consciente de estas creencias y as\u00ed, generar tu realidad desde el conocimiento del libre flujo de los recursos, de la salud, de los proyectos, de las oportunidades, cuando te abres a recibir.<\/p>\n<p><em>IMPORTANTE:<\/em> Por tratarse de piezas con cristales naturales pueden tener peque\u00f1as variaciones naturales con respecto a la fotograf\u00eda. El dije puede variar.<\/p>\n","protected":false},"excerpt":{"rendered":"<p>CITRINO - GRANATE El poder de manifestar abundancia reside en cambiar las creencias implantadas a lo largo de tu vida. Esta maravillosa combinaci\u00f3n de cristales te ayudar\u00e1 a ser consciente de estas creencias y as\u00ed, generar tu realidad desde el conocimiento del libre flujo de los recursos, de la salud, de los proyectos, de las [&hellip;]<\/p>\n","protected":false},"featured_media":9464,"comment_status":"open","ping_status":"closed","template":"","meta":{"_seopress_robots_primary_cat":"","_seopress_titles_title":"","_seopress_titles_desc":"","_seopress_robots_index":"","_et_pb_use_builder":"","_et_pb_old_content":"","_et_gb_content_width":"","_joinchat":[]},"product_cat":[98],"product_tag":[],"class_list":{"0":"post-9578","1":"product","2":"type-product","3":"status-publish","4":"has-post-thumbnail","6":"product_cat-pulseras-con-cristales-cat-n","8":"first","9":"instock","10":"shipping-taxable","11":"purchasable","12":"product-type-variable"},"_links":{"self":[{"href":"https:\/\/alquimiaseresencia.com\/tienda\/wp-json\/wp\/v2\/product\/9578"}],"collection":[{"href":"https:\/\/alquimiaseresencia.com\/tienda\/wp-json\/wp\/v2\/product"}],"about":[{"href":"https:\/\/alquimiaseresencia.com\/tienda\/wp-json\/wp\/v2\/types\/product"}],"replies":[{"embeddable":true,"href":"https:\/\/alquimiaseresencia.com\/tienda\/wp-json\/wp\/v2\/comments?post=9578"}],"wp:featuredmedia":[{"embeddable":true,"href":"https:\/\/alquimiaseresencia.com\/tienda\/wp-json\/wp\/v2\/media\/9464"}],"wp:attachment":[{"href":"https:\/\/alquimiaseresencia.com\/tienda\/wp-json\/wp\/v2\/media?parent=9578"}],"wp:term":[{"taxonomy":"product_cat","embeddable":true,"href":"https:\/\/alquimiaseresencia.com\/tienda\/wp-json\/wp\/v2\/product_cat?post=9578"},{"taxonomy":"product_tag","embeddable":true,"href":"https:\/\/alquimiaseresencia.com\/tienda\/wp-json\/wp\/v2\/product_tag?post=9578"}],"curies":[{"name":"wp","href":"https:\/\/api.w.org\/{rel}","templated":true}]}}