{"id":9580,"date":"2023-04-27T00:10:22","date_gmt":"2023-04-27T05:10:22","guid":{"rendered":"https:\/\/alquimiaseresencia.com\/tienda\/?post_type=product&#038;p=9580"},"modified":"2023-05-23T22:38:15","modified_gmt":"2023-05-24T03:38:15","slug":"pulseras-con-cristales-7","status":"publish","type":"product","link":"https:\/\/alquimiaseresencia.com\/tienda\/producto\/pulseras-con-cristales-7\/","title":{"rendered":"CON\u00c9CTATE CON LA GU\u00cdA DEL ARC\u00c1NGEL GABRIEL - CREATIVIDAD Y NUEVOS COMIENZOS"},"content":{"rendered":"<p><strong>PIEDRA LUNA - CITRINO - PIEDRA DEL SOL<\/strong><\/p>\n<p>Gabriel significa \"Dios es mi fuerza\". El Arc\u00e1ngel Gabriel te acompa\u00f1a a expresar tus talentos con convicci\u00f3n y determinaci\u00f3n. Junto con esta combinaci\u00f3n de cristales te ayudar\u00e1 a activar tu seguridad y creatividad durante los nuevos comienzos, as\u00ed como a reconocer que si tienes un sue\u00f1o, ya te pertenece.<\/p>\n<p><em>IMPORTANTE:<\/em> Por tratarse de piezas con cristales naturales pueden tener peque\u00f1as variaciones naturales con respecto a la fotograf\u00eda. El dije puede variar.<\/p>\n","protected":false},"excerpt":{"rendered":"<p>PIEDRA LUNA - CITRINO - PIEDRA DEL SOL Gabriel significa \"Dios es mi fuerza\". El Arc\u00e1ngel Gabriel te acompa\u00f1a a expresar tus talentos con convicci\u00f3n y determinaci\u00f3n. Junto con esta combinaci\u00f3n de cristales te ayudar\u00e1 a activar tu seguridad y creatividad durante los nuevos comienzos, as\u00ed como a reconocer que si tienes un sue\u00f1o, ya [&hellip;]<\/p>\n","protected":false},"featured_media":9456,"comment_status":"open","ping_status":"closed","template":"","meta":{"_seopress_robots_primary_cat":"","_seopress_titles_title":"","_seopress_titles_desc":"","_seopress_robots_index":"","_et_pb_use_builder":"","_et_pb_old_content":"","_et_gb_content_width":"","_joinchat":[]},"product_cat":[98],"product_tag":[],"class_list":{"0":"post-9580","1":"product","2":"type-product","3":"status-publish","4":"has-post-thumbnail","6":"product_cat-pulseras-con-cristales-cat-n","8":"first","9":"instock","10":"shipping-taxable","11":"purchasable","12":"product-type-variable"},"_links":{"self":[{"href":"https:\/\/alquimiaseresencia.com\/tienda\/wp-json\/wp\/v2\/product\/9580"}],"collection":[{"href":"https:\/\/alquimiaseresencia.com\/tienda\/wp-json\/wp\/v2\/product"}],"about":[{"href":"https:\/\/alquimiaseresencia.com\/tienda\/wp-json\/wp\/v2\/types\/product"}],"replies":[{"embeddable":true,"href":"https:\/\/alquimiaseresencia.com\/tienda\/wp-json\/wp\/v2\/comments?post=9580"}],"wp:featuredmedia":[{"embeddable":true,"href":"https:\/\/alquimiaseresencia.com\/tienda\/wp-json\/wp\/v2\/media\/9456"}],"wp:attachment":[{"href":"https:\/\/alquimiaseresencia.com\/tienda\/wp-json\/wp\/v2\/media?parent=9580"}],"wp:term":[{"taxonomy":"product_cat","embeddable":true,"href":"https:\/\/alquimiaseresencia.com\/tienda\/wp-json\/wp\/v2\/product_cat?post=9580"},{"taxonomy":"product_tag","embeddable":true,"href":"https:\/\/alquimiaseresencia.com\/tienda\/wp-json\/wp\/v2\/product_tag?post=9580"}],"curies":[{"name":"wp","href":"https:\/\/api.w.org\/{rel}","templated":true}]}}