{"id":9582,"date":"2023-04-26T23:49:22","date_gmt":"2023-04-27T04:49:22","guid":{"rendered":"https:\/\/alquimiaseresencia.com\/tienda\/?post_type=product&#038;p=9582"},"modified":"2023-05-19T12:55:43","modified_gmt":"2023-05-19T17:55:43","slug":"pulseras-con-cristales-5","status":"publish","type":"product","link":"https:\/\/alquimiaseresencia.com\/tienda\/producto\/pulseras-con-cristales-5\/","title":{"rendered":"CON\u00c9CTATE CON LA GU\u00cdA DEL ARC\u00c1NGEL CHAMUEL - AMOR INCONDICIONAL"},"content":{"rendered":"<p><strong>CUARZO ROSA - RODONITA - TURMALINA ROSA<\/strong><\/p>\n<p>Chamuel significa \"el que ve a Dios\". El Arc\u00e1ngel Chamuel te regala la energ\u00eda del amor incondicional y junto con esta combinaci\u00f3n de cristales te ayudar\u00e1 a despertar el amor por ti misma, para que lo puedas experimentar m\u00e1s profundamente con todos los que te rodean.<\/p>\n<p><em>IMPORTANTE:<\/em> Por tratarse de piezas con cristales naturales pueden tener peque\u00f1as variaciones naturales con respecto a la fotograf\u00eda. El dije puede variar.<\/p>\n","protected":false},"excerpt":{"rendered":"<p>CUARZO ROSA - RODONITA - TURMALINA ROSA Chamuel significa \"el que ve a Dios\". El Arc\u00e1ngel Chamuel te regala la energ\u00eda del amor incondicional y junto con esta combinaci\u00f3n de cristales te ayudar\u00e1 a despertar el amor por ti misma, para que lo puedas experimentar m\u00e1s profundamente con todos los que te rodean. IMPORTANTE: Por [&hellip;]<\/p>\n","protected":false},"featured_media":9448,"comment_status":"open","ping_status":"closed","template":"","meta":{"_seopress_robots_primary_cat":"","_seopress_titles_title":"","_seopress_titles_desc":"","_seopress_robots_index":"","_et_pb_use_builder":"","_et_pb_old_content":"","_et_gb_content_width":"","_joinchat":[]},"product_cat":[98],"product_tag":[],"class_list":{"0":"post-9582","1":"product","2":"type-product","3":"status-publish","4":"has-post-thumbnail","6":"product_cat-pulseras-con-cristales-cat-n","8":"first","9":"instock","10":"shipping-taxable","11":"purchasable","12":"product-type-variable"},"_links":{"self":[{"href":"https:\/\/alquimiaseresencia.com\/tienda\/wp-json\/wp\/v2\/product\/9582"}],"collection":[{"href":"https:\/\/alquimiaseresencia.com\/tienda\/wp-json\/wp\/v2\/product"}],"about":[{"href":"https:\/\/alquimiaseresencia.com\/tienda\/wp-json\/wp\/v2\/types\/product"}],"replies":[{"embeddable":true,"href":"https:\/\/alquimiaseresencia.com\/tienda\/wp-json\/wp\/v2\/comments?post=9582"}],"wp:featuredmedia":[{"embeddable":true,"href":"https:\/\/alquimiaseresencia.com\/tienda\/wp-json\/wp\/v2\/media\/9448"}],"wp:attachment":[{"href":"https:\/\/alquimiaseresencia.com\/tienda\/wp-json\/wp\/v2\/media?parent=9582"}],"wp:term":[{"taxonomy":"product_cat","embeddable":true,"href":"https:\/\/alquimiaseresencia.com\/tienda\/wp-json\/wp\/v2\/product_cat?post=9582"},{"taxonomy":"product_tag","embeddable":true,"href":"https:\/\/alquimiaseresencia.com\/tienda\/wp-json\/wp\/v2\/product_tag?post=9582"}],"curies":[{"name":"wp","href":"https:\/\/api.w.org\/{rel}","templated":true}]}}