{"id":9585,"date":"2023-04-26T23:46:23","date_gmt":"2023-04-27T04:46:23","guid":{"rendered":"https:\/\/alquimiaseresencia.com\/tienda\/?post_type=product&#038;p=9585"},"modified":"2023-05-23T22:20:49","modified_gmt":"2023-05-24T03:20:49","slug":"pulseras-con-cristales-2","status":"publish","type":"product","link":"https:\/\/alquimiaseresencia.com\/tienda\/producto\/pulseras-con-cristales-2\/","title":{"rendered":"CON\u00c9CTATE CON LA GU\u00cdA DEL ARC\u00c1NGEL URIEL - ABUNDANCIA Y SABIDUR\u00cdA"},"content":{"rendered":"<p><strong>ZAFIRO RUBY - GRANATE - CITRINO<\/strong><\/p>\n<p>Uriel significa \"Dios es luz\" o \"fuego de Dios\". La energ\u00eda de este Arc\u00e1ngel junto con esta poderosa combinaci\u00f3n de cristales te ayudar\u00e1 a tener claridad para que reconozcas y actives la abundancia en todos los aspectos de tu vida que viene del reconocer tu poder manifestador.<\/p>\n<p><em>IMPORTANTE:<\/em> Por tratarse de piezas con cristales naturales pueden tener peque\u00f1as variaciones naturales con respecto a la fotograf\u00eda. El dije puede variar.<\/p>\n<p>&nbsp;<\/p>\n","protected":false},"excerpt":{"rendered":"<p>ZAFIRO RUBY - GRANATE - CITRINO Uriel significa \"Dios es luz\" o \"fuego de Dios\". La energ\u00eda de este Arc\u00e1ngel junto con esta poderosa combinaci\u00f3n de cristales te ayudar\u00e1 a tener claridad para que reconozcas y actives la abundancia en todos los aspectos de tu vida que viene del reconocer tu poder manifestador. IMPORTANTE: Por [&hellip;]<\/p>\n","protected":false},"featured_media":9436,"comment_status":"open","ping_status":"closed","template":"","meta":{"_seopress_robots_primary_cat":"","_seopress_titles_title":"","_seopress_titles_desc":"","_seopress_robots_index":"","_et_pb_use_builder":"","_et_pb_old_content":"","_et_gb_content_width":"","_joinchat":[]},"product_cat":[98],"product_tag":[],"class_list":{"0":"post-9585","1":"product","2":"type-product","3":"status-publish","4":"has-post-thumbnail","6":"product_cat-pulseras-con-cristales-cat-n","8":"first","9":"instock","10":"shipping-taxable","11":"purchasable","12":"product-type-variable"},"_links":{"self":[{"href":"https:\/\/alquimiaseresencia.com\/tienda\/wp-json\/wp\/v2\/product\/9585"}],"collection":[{"href":"https:\/\/alquimiaseresencia.com\/tienda\/wp-json\/wp\/v2\/product"}],"about":[{"href":"https:\/\/alquimiaseresencia.com\/tienda\/wp-json\/wp\/v2\/types\/product"}],"replies":[{"embeddable":true,"href":"https:\/\/alquimiaseresencia.com\/tienda\/wp-json\/wp\/v2\/comments?post=9585"}],"wp:featuredmedia":[{"embeddable":true,"href":"https:\/\/alquimiaseresencia.com\/tienda\/wp-json\/wp\/v2\/media\/9436"}],"wp:attachment":[{"href":"https:\/\/alquimiaseresencia.com\/tienda\/wp-json\/wp\/v2\/media?parent=9585"}],"wp:term":[{"taxonomy":"product_cat","embeddable":true,"href":"https:\/\/alquimiaseresencia.com\/tienda\/wp-json\/wp\/v2\/product_cat?post=9585"},{"taxonomy":"product_tag","embeddable":true,"href":"https:\/\/alquimiaseresencia.com\/tienda\/wp-json\/wp\/v2\/product_tag?post=9585"}],"curies":[{"name":"wp","href":"https:\/\/api.w.org\/{rel}","templated":true}]}}