{"id":9586,"date":"2023-04-26T21:30:23","date_gmt":"2023-04-27T02:30:23","guid":{"rendered":"https:\/\/alquimiaseresencia.com\/tienda\/?post_type=product&#038;p=9586"},"modified":"2023-05-19T12:56:24","modified_gmt":"2023-05-19T17:56:24","slug":"pulceras-con-cristales-1","status":"publish","type":"product","link":"https:\/\/alquimiaseresencia.com\/tienda\/producto\/pulceras-con-cristales-1\/","title":{"rendered":"RECONOCE TU SABIDUR\u00cdA INTERNA"},"content":{"rendered":"<p>&nbsp;<\/p>\n<p><strong>OJO DE HALC\u00d3N - PREHENITA - CALCITA AMARILLA<\/strong><\/p>\n<p>Es en ti donde habitan todas las respuestas. Esta poderosa combinaci\u00f3n de cristales te apoyar\u00e1 a elevar la confianza en ti misma para que puedas reconocer que todo lo que necesitas ya est\u00e1 dentro de ti.<\/p>\n<p><em>IMPORTANTE:<\/em> Por tratarse de piezas con cristales naturales pueden tener peque\u00f1as variaciones naturales con respecto a la fotograf\u00eda. El dije puede variar.<\/p>\n","protected":false},"excerpt":{"rendered":"<p>&nbsp; OJO DE HALC\u00d3N - PREHENITA - CALCITA AMARILLA Es en ti donde habitan todas las respuestas. Esta poderosa combinaci\u00f3n de cristales te apoyar\u00e1 a elevar la confianza en ti misma para que puedas reconocer que todo lo que necesitas ya est\u00e1 dentro de ti. IMPORTANTE: Por tratarse de piezas con cristales naturales pueden tener [&hellip;]<\/p>\n","protected":false},"featured_media":9432,"comment_status":"open","ping_status":"closed","template":"","meta":{"_seopress_robots_primary_cat":"","_seopress_titles_title":"","_seopress_titles_desc":"","_seopress_robots_index":"","_et_pb_use_builder":"","_et_pb_old_content":"","_et_gb_content_width":"","_joinchat":[]},"product_cat":[98],"product_tag":[],"class_list":{"0":"post-9586","1":"product","2":"type-product","3":"status-publish","4":"has-post-thumbnail","6":"product_cat-pulseras-con-cristales-cat-n","8":"first","9":"instock","10":"shipping-taxable","11":"purchasable","12":"product-type-variable"},"_links":{"self":[{"href":"https:\/\/alquimiaseresencia.com\/tienda\/wp-json\/wp\/v2\/product\/9586"}],"collection":[{"href":"https:\/\/alquimiaseresencia.com\/tienda\/wp-json\/wp\/v2\/product"}],"about":[{"href":"https:\/\/alquimiaseresencia.com\/tienda\/wp-json\/wp\/v2\/types\/product"}],"replies":[{"embeddable":true,"href":"https:\/\/alquimiaseresencia.com\/tienda\/wp-json\/wp\/v2\/comments?post=9586"}],"wp:featuredmedia":[{"embeddable":true,"href":"https:\/\/alquimiaseresencia.com\/tienda\/wp-json\/wp\/v2\/media\/9432"}],"wp:attachment":[{"href":"https:\/\/alquimiaseresencia.com\/tienda\/wp-json\/wp\/v2\/media?parent=9586"}],"wp:term":[{"taxonomy":"product_cat","embeddable":true,"href":"https:\/\/alquimiaseresencia.com\/tienda\/wp-json\/wp\/v2\/product_cat?post=9586"},{"taxonomy":"product_tag","embeddable":true,"href":"https:\/\/alquimiaseresencia.com\/tienda\/wp-json\/wp\/v2\/product_tag?post=9586"}],"curies":[{"name":"wp","href":"https:\/\/api.w.org\/{rel}","templated":true}]}}